{"id":955,"date":"2022-07-26T18:11:19","date_gmt":"2022-07-26T16:11:19","guid":{"rendered":"https:\/\/unterirdis.ch\/wordpress\/?page_id=955"},"modified":"2022-07-26T18:16:57","modified_gmt":"2022-07-26T16:16:57","slug":"georgien","status":"publish","type":"page","link":"https:\/\/unterirdis.ch\/wordpress\/georgien\/","title":{"rendered":"Georgien"},"content":{"rendered":"\t\t<div data-elementor-type=\"wp-page\" data-elementor-id=\"955\" class=\"elementor elementor-955\" data-elementor-post-type=\"page\">\n\t\t\t\t\t\t<section class=\"elementor-section elementor-top-section elementor-element elementor-element-8f9363b elementor-section-boxed elementor-section-height-default elementor-section-height-default\" data-id=\"8f9363b\" data-element_type=\"section\" data-e-type=\"section\">\n\t\t\t\t\t\t<div class=\"elementor-container elementor-column-gap-default\">\n\t\t\t\t\t<div class=\"elementor-column elementor-col-100 elementor-top-column elementor-element elementor-element-26d40ac\" data-id=\"26d40ac\" data-element_type=\"column\" data-e-type=\"column\">\n\t\t\t<div class=\"elementor-widget-wrap elementor-element-populated\">\n\t\t\t\t\t\t<div class=\"elementor-element elementor-element-47741bd elementor-widget elementor-widget-spacer\" data-id=\"47741bd\" data-element_type=\"widget\" data-e-type=\"widget\" data-widget_type=\"spacer.default\">\n\t\t\t\t<div class=\"elementor-widget-container\">\n\t\t\t\t\t\t\t<div class=\"elementor-spacer\">\n\t\t\t<div class=\"elementor-spacer-inner\"><\/div>\n\t\t<\/div>\n\t\t\t\t\t\t<\/div>\n\t\t\t\t<\/div>\n\t\t\t\t<div class=\"elementor-element elementor-element-18a0c2f elementor-grid-3 elementor-grid-tablet-2 elementor-grid-mobile-1 elementor-posts--thumbnail-top elementor-widget elementor-widget-posts\" data-id=\"18a0c2f\" data-element_type=\"widget\" data-e-type=\"widget\" data-settings=\"{&quot;classic_columns&quot;:&quot;3&quot;,&quot;classic_columns_tablet&quot;:&quot;2&quot;,&quot;classic_columns_mobile&quot;:&quot;1&quot;,&quot;classic_row_gap&quot;:{&quot;unit&quot;:&quot;px&quot;,&quot;size&quot;:35,&quot;sizes&quot;:[]},&quot;classic_row_gap_tablet&quot;:{&quot;unit&quot;:&quot;px&quot;,&quot;size&quot;:&quot;&quot;,&quot;sizes&quot;:[]},&quot;classic_row_gap_mobile&quot;:{&quot;unit&quot;:&quot;px&quot;,&quot;size&quot;:&quot;&quot;,&quot;sizes&quot;:[]}}\" data-widget_type=\"posts.classic\">\n\t\t\t\t<div class=\"elementor-widget-container\">\n\t\t\t\t\t\t\t<div class=\"elementor-posts-container elementor-posts elementor-posts--skin-classic elementor-grid\" role=\"list\">\n\t\t\t\t<article class=\"elementor-post elementor-grid-item post-2653 post type-post status-publish format-standard has-post-thumbnail hentry category-im-museum category-an-der-ruhr-universitaet-bochum category-georgien category-unteruns tag-archaeologie tag-best-paper tag-deutsches-bergbau-museum-bochum tag-forschung\" role=\"listitem\">\n\t\t\t\t<a class=\"elementor-post__thumbnail__link\" href=\"https:\/\/unterirdis.ch\/wordpress\/2025\/03\/05\/best-paper-award-of-archaeologia-austriaca\/\" tabindex=\"-1\" >\n\t\t\t<div class=\"elementor-post__thumbnail\"><img fetchpriority=\"high\" decoding=\"async\" width=\"768\" height=\"551\" src=\"https:\/\/unterirdis.ch\/wp-content\/uploads\/2025\/03\/Motiv_2-768x551.jpg\" class=\"attachment-medium_large size-medium_large wp-image-2655\" alt=\"\" srcset=\"https:\/\/unterirdis.ch\/wp-content\/uploads\/2025\/03\/Motiv_2-768x551.jpg 768w, https:\/\/unterirdis.ch\/wp-content\/uploads\/2025\/03\/Motiv_2-300x215.jpg 300w, https:\/\/unterirdis.ch\/wp-content\/uploads\/2025\/03\/Motiv_2-1024x735.jpg 1024w, https:\/\/unterirdis.ch\/wp-content\/uploads\/2025\/03\/Motiv_2-1536x1103.jpg 1536w, https:\/\/unterirdis.ch\/wp-content\/uploads\/2025\/03\/Motiv_2-2048x1470.jpg 2048w\" sizes=\"(max-width: 768px) 100vw, 768px\" \/><\/div>\n\t\t<\/a>\n\t\t\t\t<div class=\"elementor-post__text\">\n\t\t\t\t<h3 class=\"elementor-post__title\">\n\t\t\t<a href=\"https:\/\/unterirdis.ch\/wordpress\/2025\/03\/05\/best-paper-award-of-archaeologia-austriaca\/\" >\n\t\t\t\tBest Paper Award of Archaeologia Austriaca\t\t\t<\/a>\n\t\t<\/h3>\n\t\t\t\t<div class=\"elementor-post__meta-data\">\n\t\t\t\t\t<span class=\"elementor-post-date\">\n\t\t\t5. M\u00e4rz 2025\t\t<\/span>\n\t\t\t\t<\/div>\n\t\t\t\t<div class=\"elementor-post__excerpt\">\n\t\t\t<p>Wir freuen uns, eine gro\u00dfartige Nachricht zu teilen: Thomas St\u00f6llner und sein Team wurden mit dem Best Paper Award 2023 der Archaeologia Austriaca ausgezeichnet! Ihr Artikel \u201eBetween Valleys and Mountains.<\/p>\n\t\t<\/div>\n\t\t\n\t\t<a class=\"elementor-post__read-more\" href=\"https:\/\/unterirdis.ch\/wordpress\/2025\/03\/05\/best-paper-award-of-archaeologia-austriaca\/\" aria-label=\"Mehr \u00fcber Best Paper Award of Archaeologia Austriaca\" tabindex=\"-1\" >\n\t\t\tWeiterlesen \u00bb\t\t<\/a>\n\n\t\t\t\t<\/div>\n\t\t\t\t<\/article>\n\t\t\t\t<article class=\"elementor-post elementor-grid-item post-1596 post type-post status-publish format-standard has-post-thumbnail hentry category-im-museum category-georgien category-in-den-medien\" role=\"listitem\">\n\t\t\t\t<a class=\"elementor-post__thumbnail__link\" href=\"https:\/\/unterirdis.ch\/wordpress\/2023\/02\/11\/gold-schmuck-der-koenige-und-goetter\/\" tabindex=\"-1\" >\n\t\t\t<div class=\"elementor-post__thumbnail\"><img decoding=\"async\" width=\"768\" height=\"432\" src=\"https:\/\/unterirdis.ch\/wp-content\/uploads\/2023\/02\/63c5fd111f90600008790975-768x432.jpg\" class=\"attachment-medium_large size-medium_large wp-image-1606\" alt=\"\" srcset=\"https:\/\/unterirdis.ch\/wp-content\/uploads\/2023\/02\/63c5fd111f90600008790975-768x432.jpg 768w, https:\/\/unterirdis.ch\/wp-content\/uploads\/2023\/02\/63c5fd111f90600008790975-300x169.jpg 300w, https:\/\/unterirdis.ch\/wp-content\/uploads\/2023\/02\/63c5fd111f90600008790975.jpg 960w\" sizes=\"(max-width: 768px) 100vw, 768px\" \/><\/div>\n\t\t<\/a>\n\t\t\t\t<div class=\"elementor-post__text\">\n\t\t\t\t<h3 class=\"elementor-post__title\">\n\t\t\t<a href=\"https:\/\/unterirdis.ch\/wordpress\/2023\/02\/11\/gold-schmuck-der-koenige-und-goetter\/\" >\n\t\t\t\tGold &#8211; Schmuck der K\u00f6nige und G\u00f6tter\t\t\t<\/a>\n\t\t<\/h3>\n\t\t\t\t<div class=\"elementor-post__meta-data\">\n\t\t\t\t\t<span class=\"elementor-post-date\">\n\t\t\t11. Februar 2023\t\t<\/span>\n\t\t\t\t<\/div>\n\t\t\t\t<div class=\"elementor-post__excerpt\">\n\t\t\t<p>Sendehinweis! Sender: Arte Datum: Samstag, 18.02.23; 20:15 &#8211; 21:05 Uhr UND\u00a0 Samstag, 18.02.23; 21:05 &#8211; 22:00 Uhr \u00a0Die ganze Dokumentation zum Nachschauen findet ihr bei ARTE. Seit Jahrtausenden ist Gold<\/p>\n\t\t<\/div>\n\t\t\n\t\t<a class=\"elementor-post__read-more\" href=\"https:\/\/unterirdis.ch\/wordpress\/2023\/02\/11\/gold-schmuck-der-koenige-und-goetter\/\" aria-label=\"Mehr \u00fcber Gold &#8211; Schmuck der K\u00f6nige und G\u00f6tter\" tabindex=\"-1\" >\n\t\t\tWeiterlesen \u00bb\t\t<\/a>\n\n\t\t\t\t<\/div>\n\t\t\t\t<\/article>\n\t\t\t\t<article class=\"elementor-post elementor-grid-item post-1152 post type-post status-publish format-standard has-post-thumbnail hentry category-im-museum category-georgien category-unteruns category-unterwegs tag-archaeologie tag-blog tag-deutsches-bergbau-museum-bochum tag-georgien tag-haus-der-archaeologien tag-land-und-leute tag-ruhr-universitaet-bochum tag-wirtschafts-und-rohstoffarchaeologie\" role=\"listitem\">\n\t\t\t\t<a class=\"elementor-post__thumbnail__link\" href=\"https:\/\/unterirdis.ch\/wordpress\/2022\/08\/29\/georgien-a-long-story-short\/\" tabindex=\"-1\" >\n\t\t\t<div class=\"elementor-post__thumbnail\"><img decoding=\"async\" width=\"768\" height=\"551\" src=\"https:\/\/unterirdis.ch\/wp-content\/uploads\/2022\/08\/sakdrissi_fotomontage-768x551.jpg\" class=\"attachment-medium_large size-medium_large wp-image-1305\" alt=\"\" srcset=\"https:\/\/unterirdis.ch\/wp-content\/uploads\/2022\/08\/sakdrissi_fotomontage-768x551.jpg 768w, https:\/\/unterirdis.ch\/wp-content\/uploads\/2022\/08\/sakdrissi_fotomontage-300x215.jpg 300w, https:\/\/unterirdis.ch\/wp-content\/uploads\/2022\/08\/sakdrissi_fotomontage-1024x734.jpg 1024w, https:\/\/unterirdis.ch\/wp-content\/uploads\/2022\/08\/sakdrissi_fotomontage.jpg 1092w\" sizes=\"(max-width: 768px) 100vw, 768px\" \/><\/div>\n\t\t<\/a>\n\t\t\t\t<div class=\"elementor-post__text\">\n\t\t\t\t<h3 class=\"elementor-post__title\">\n\t\t\t<a href=\"https:\/\/unterirdis.ch\/wordpress\/2022\/08\/29\/georgien-a-long-story-short\/\" >\n\t\t\t\tArch\u00e4ologie im Land des goldenen Vlieses\t\t\t<\/a>\n\t\t<\/h3>\n\t\t\t\t<div class=\"elementor-post__meta-data\">\n\t\t\t\t\t<span class=\"elementor-post-date\">\n\t\t\t29. August 2022\t\t<\/span>\n\t\t\t\t<\/div>\n\t\t\t\t<div class=\"elementor-post__excerpt\">\n\t\t\t<p>Georgien ist ein Land, das bereits in der Antike zu Mythen und Schw\u00e4rmereien verleitete. Denken wir beispielsweise an die Argonauten und Jason, die gemeinsam auf der Suche nach dem goldenen<\/p>\n\t\t<\/div>\n\t\t\n\t\t<a class=\"elementor-post__read-more\" href=\"https:\/\/unterirdis.ch\/wordpress\/2022\/08\/29\/georgien-a-long-story-short\/\" aria-label=\"Mehr \u00fcber Arch\u00e4ologie im Land des goldenen Vlieses\" tabindex=\"-1\" >\n\t\t\tWeiterlesen \u00bb\t\t<\/a>\n\n\t\t\t\t<\/div>\n\t\t\t\t<\/article>\n\t\t\t\t<article class=\"elementor-post elementor-grid-item post-1364 post type-post status-publish format-standard has-post-thumbnail hentry category-georgien category-unterfreunden tag-deutsches-bergbau-museum-bochum tag-forschung tag-georgien tag-podcast tag-ruhr-universitaet-bochum tag-unteruns\" role=\"listitem\">\n\t\t\t\t<a class=\"elementor-post__thumbnail__link\" href=\"https:\/\/unterirdis.ch\/wordpress\/2022\/08\/29\/folge-28-unterwegs-in-georgien\/\" tabindex=\"-1\" >\n\t\t\t<div class=\"elementor-post__thumbnail\"><img loading=\"lazy\" decoding=\"async\" width=\"768\" height=\"512\" src=\"https:\/\/unterirdis.ch\/wp-content\/uploads\/2022\/08\/DJI_0168-768x512.jpg\" class=\"attachment-medium_large size-medium_large wp-image-1306\" alt=\"\" srcset=\"https:\/\/unterirdis.ch\/wp-content\/uploads\/2022\/08\/DJI_0168-768x512.jpg 768w, https:\/\/unterirdis.ch\/wp-content\/uploads\/2022\/08\/DJI_0168-300x200.jpg 300w, https:\/\/unterirdis.ch\/wp-content\/uploads\/2022\/08\/DJI_0168-1024x683.jpg 1024w, https:\/\/unterirdis.ch\/wp-content\/uploads\/2022\/08\/DJI_0168-1536x1024.jpg 1536w, https:\/\/unterirdis.ch\/wp-content\/uploads\/2022\/08\/DJI_0168.jpg 1920w\" sizes=\"(max-width: 768px) 100vw, 768px\" \/><\/div>\n\t\t<\/a>\n\t\t\t\t<div class=\"elementor-post__text\">\n\t\t\t\t<h3 class=\"elementor-post__title\">\n\t\t\t<a href=\"https:\/\/unterirdis.ch\/wordpress\/2022\/08\/29\/folge-28-unterwegs-in-georgien\/\" >\n\t\t\t\tFolge 28 &#8211; Unterwegs in Georgien\t\t\t<\/a>\n\t\t<\/h3>\n\t\t\t\t<div class=\"elementor-post__meta-data\">\n\t\t\t\t\t<span class=\"elementor-post-date\">\n\t\t\t29. August 2022\t\t<\/span>\n\t\t\t\t<\/div>\n\t\t\t\t<div class=\"elementor-post__excerpt\">\n\t\t\t<p>Folge 28 ist anders als die bisherigen Folgen. Denn sie steht nicht nur f\u00fcr sich, sondern ist in Ausschnitten auch Teil unserer gro\u00dfen Multimediageschichte auf Unterirdis.ch. Schaut am besten auch<\/p>\n\t\t<\/div>\n\t\t\n\t\t<a class=\"elementor-post__read-more\" href=\"https:\/\/unterirdis.ch\/wordpress\/2022\/08\/29\/folge-28-unterwegs-in-georgien\/\" aria-label=\"Mehr \u00fcber Folge 28 &#8211; Unterwegs in Georgien\" tabindex=\"-1\" >\n\t\t\tWeiterlesen \u00bb\t\t<\/a>\n\n\t\t\t\t<\/div>\n\t\t\t\t<\/article>\n\t\t\t\t<\/div>\n\t\t\n\t\t\t\t\t\t<\/div>\n\t\t\t\t<\/div>\n\t\t\t\t<div class=\"elementor-element elementor-element-c43f9b3 elementor-widget elementor-widget-spacer\" data-id=\"c43f9b3\" data-element_type=\"widget\" data-e-type=\"widget\" data-widget_type=\"spacer.default\">\n\t\t\t\t<div class=\"elementor-widget-container\">\n\t\t\t\t\t\t\t<div class=\"elementor-spacer\">\n\t\t\t<div class=\"elementor-spacer-inner\"><\/div>\n\t\t<\/div>\n\t\t\t\t\t\t<\/div>\n\t\t\t\t<\/div>\n\t\t\t\t<div class=\"elementor-element elementor-element-b62924d elementor-post-navigation-borders-yes elementor-widget elementor-widget-post-navigation\" data-id=\"b62924d\" data-element_type=\"widget\" data-e-type=\"widget\" data-widget_type=\"post-navigation.default\">\n\t\t\t\t<div class=\"elementor-widget-container\">\n\t\t\t\t\t\t\t<div class=\"elementor-post-navigation\" role=\"navigation\" aria-label=\"Beitrag Navigation\">\n\t\t\t<div class=\"elementor-post-navigation__prev elementor-post-navigation__link\">\n\t\t\t\t<a href=\"https:\/\/unterirdis.ch\/wordpress\/2022\/08\/10\/die-kelten-kommen\/\" rel=\"prev\"><span class=\"post-navigation__arrow-wrapper post-navigation__arrow-prev\"><svg aria-hidden=\"true\" class=\"e-font-icon-svg e-fas-angle-left\" viewBox=\"0 0 256 512\" xmlns=\"http:\/\/www.w3.org\/2000\/svg\"><path d=\"M31.7 239l136-136c9.4-9.4 24.6-9.4 33.9 0l22.6 22.6c9.4 9.4 9.4 24.6 0 33.9L127.9 256l96.4 96.4c9.4 9.4 9.4 24.6 0 33.9L201.7 409c-9.4 9.4-24.6 9.4-33.9 0l-136-136c-9.5-9.4-9.5-24.6-.1-34z\"><\/path><\/svg><span class=\"elementor-screen-only\">Zur\u00fcck<\/span><\/span><span class=\"elementor-post-navigation__link__prev\"><span class=\"post-navigation__prev--label\">Voriger<\/span><span class=\"post-navigation__prev--title\">Die Kelten kommen<\/span><\/span><\/a>\t\t\t<\/div>\n\t\t\t\t\t\t\t<div class=\"elementor-post-navigation__separator-wrapper\">\n\t\t\t\t\t<div class=\"elementor-post-navigation__separator\"><\/div>\n\t\t\t\t<\/div>\n\t\t\t\t\t\t<div class=\"elementor-post-navigation__next elementor-post-navigation__link\">\n\t\t\t\t<a href=\"https:\/\/unterirdis.ch\/wordpress\/2022\/08\/29\/georgien-a-long-story-short\/\" rel=\"next\"><span class=\"elementor-post-navigation__link__next\"><span class=\"post-navigation__next--label\">N\u00e4chster<\/span><span class=\"post-navigation__next--title\">Arch\u00e4ologie im Land des goldenen Vlieses<\/span><\/span><span class=\"post-navigation__arrow-wrapper post-navigation__arrow-next\"><svg aria-hidden=\"true\" class=\"e-font-icon-svg e-fas-angle-right\" viewBox=\"0 0 256 512\" xmlns=\"http:\/\/www.w3.org\/2000\/svg\"><path d=\"M224.3 273l-136 136c-9.4 9.4-24.6 9.4-33.9 0l-22.6-22.6c-9.4-9.4-9.4-24.6 0-33.9l96.4-96.4-96.4-96.4c-9.4-9.4-9.4-24.6 0-33.9L54.3 103c9.4-9.4 24.6-9.4 33.9 0l136 136c9.5 9.4 9.5 24.6.1 34z\"><\/path><\/svg><span class=\"elementor-screen-only\">N\u00e4chster<\/span><\/span><\/a>\t\t\t<\/div>\n\t\t<\/div>\n\t\t\t\t\t\t<\/div>\n\t\t\t\t<\/div>\n\t\t\t\t\t<\/div>\n\t\t<\/div>\n\t\t\t\t\t<\/div>\n\t\t<\/section>\n\t\t\t\t<\/div>\n\t\t","protected":false},"excerpt":{"rendered":"","protected":false},"author":2,"featured_media":0,"parent":0,"menu_order":0,"comment_status":"closed","ping_status":"closed","template":"","meta":{"footnotes":""},"class_list":["post-955","page","type-page","status-publish","hentry"],"yoast_head":"<!-- This site is optimized with the Yoast SEO plugin v27.6 - https:\/\/yoast.com\/product\/yoast-seo-wordpress\/ -->\n<title>Georgien - unterIrdisch<\/title>\n<meta name=\"robots\" content=\"index, follow, max-snippet:-1, max-image-preview:large, max-video-preview:-1\" \/>\n<link rel=\"canonical\" href=\"https:\/\/unterirdis.ch\/wordpress\/georgien\/\" \/>\n<meta property=\"og:locale\" content=\"de_DE\" \/>\n<meta property=\"og:type\" content=\"article\" \/>\n<meta property=\"og:title\" content=\"Georgien - unterIrdisch\" \/>\n<meta property=\"og:url\" content=\"https:\/\/unterirdis.ch\/wordpress\/georgien\/\" \/>\n<meta property=\"og:site_name\" content=\"unterIrdisch\" \/>\n<meta property=\"article:modified_time\" content=\"2022-07-26T16:16:57+00:00\" \/>\n<meta property=\"og:image\" content=\"https:\/\/unterirdis.ch\/wp-content\/uploads\/2023\/05\/fallback.webp\" \/>\n\t<meta property=\"og:image:width\" content=\"1200\" \/>\n\t<meta property=\"og:image:height\" content=\"675\" \/>\n\t<meta property=\"og:image:type\" content=\"image\/webp\" \/>\n<meta name=\"twitter:card\" content=\"summary_large_image\" \/>\n<meta name=\"twitter:site\" content=\"@unterirdis_ch\" \/>\n<meta name=\"twitter:label1\" content=\"Gesch\u00e4tzte Lesezeit\" \/>\n\t<meta name=\"twitter:data1\" content=\"1\u00a0Minute\" \/>\n<script type=\"application\/ld+json\" class=\"yoast-schema-graph\">{\"@context\":\"https:\\\/\\\/schema.org\",\"@graph\":[{\"@type\":\"WebPage\",\"@id\":\"https:\\\/\\\/unterirdis.ch\\\/wordpress\\\/georgien\\\/\",\"url\":\"https:\\\/\\\/unterirdis.ch\\\/wordpress\\\/georgien\\\/\",\"name\":\"Georgien - unterIrdisch\",\"isPartOf\":{\"@id\":\"https:\\\/\\\/unterirdis.ch\\\/wordpress\\\/#website\"},\"datePublished\":\"2022-07-26T16:11:19+00:00\",\"dateModified\":\"2022-07-26T16:16:57+00:00\",\"breadcrumb\":{\"@id\":\"https:\\\/\\\/unterirdis.ch\\\/wordpress\\\/georgien\\\/#breadcrumb\"},\"inLanguage\":\"de\",\"potentialAction\":[{\"@type\":\"ReadAction\",\"target\":[\"https:\\\/\\\/unterirdis.ch\\\/wordpress\\\/georgien\\\/\"]}]},{\"@type\":\"BreadcrumbList\",\"@id\":\"https:\\\/\\\/unterirdis.ch\\\/wordpress\\\/georgien\\\/#breadcrumb\",\"itemListElement\":[{\"@type\":\"ListItem\",\"position\":1,\"name\":\"Startseite\",\"item\":\"https:\\\/\\\/unterirdis.ch\\\/wordpress\\\/\"},{\"@type\":\"ListItem\",\"position\":2,\"name\":\"Georgien\"}]},{\"@type\":\"WebSite\",\"@id\":\"https:\\\/\\\/unterirdis.ch\\\/wordpress\\\/#website\",\"url\":\"https:\\\/\\\/unterirdis.ch\\\/wordpress\\\/\",\"name\":\"unterIrdisch - der Science-Blog aus dem Haus der Arch\u00e4ologien\",\"description\":\"der Science-Blog aus dem Haus der Arch\u00e4ologien\",\"publisher\":{\"@id\":\"https:\\\/\\\/unterirdis.ch\\\/wordpress\\\/#organization\"},\"alternateName\":\"unterIrdisch\",\"potentialAction\":[{\"@type\":\"SearchAction\",\"target\":{\"@type\":\"EntryPoint\",\"urlTemplate\":\"https:\\\/\\\/unterirdis.ch\\\/wordpress\\\/?s={search_term_string}\"},\"query-input\":{\"@type\":\"PropertyValueSpecification\",\"valueRequired\":true,\"valueName\":\"search_term_string\"}}],\"inLanguage\":\"de\"},{\"@type\":\"Organization\",\"@id\":\"https:\\\/\\\/unterirdis.ch\\\/wordpress\\\/#organization\",\"name\":\"unterIrdisch - der Science-Blog aus dem Haus der Arch\u00e4ologien\",\"alternateName\":\"unterIrdisch\",\"url\":\"https:\\\/\\\/unterirdis.ch\\\/wordpress\\\/\",\"logo\":{\"@type\":\"ImageObject\",\"inLanguage\":\"de\",\"@id\":\"https:\\\/\\\/unterirdis.ch\\\/wordpress\\\/#\\\/schema\\\/logo\\\/image\\\/\",\"url\":\"https:\\\/\\\/unterirdis.ch\\\/wp-content\\\/uploads\\\/2022\\\/03\\\/logo_3000p-scaled.jpg\",\"contentUrl\":\"https:\\\/\\\/unterirdis.ch\\\/wp-content\\\/uploads\\\/2022\\\/03\\\/logo_3000p-scaled.jpg\",\"width\":2560,\"height\":2560,\"caption\":\"unterIrdisch - der Science-Blog aus dem Haus der Arch\u00e4ologien\"},\"image\":{\"@id\":\"https:\\\/\\\/unterirdis.ch\\\/wordpress\\\/#\\\/schema\\\/logo\\\/image\\\/\"},\"sameAs\":[\"https:\\\/\\\/x.com\\\/unterirdis_ch\",\"https:\\\/\\\/instagram.com\\\/unterirdis.ch\",\"https:\\\/\\\/www.youtube.com\\\/channel\\\/UCWj0o58Zp9pOrkbG3Xh2C4Q\"]}]}<\/script>\n<!-- \/ Yoast SEO plugin. -->","yoast_head_json":{"title":"Georgien - unterIrdisch","robots":{"index":"index","follow":"follow","max-snippet":"max-snippet:-1","max-image-preview":"max-image-preview:large","max-video-preview":"max-video-preview:-1"},"canonical":"https:\/\/unterirdis.ch\/wordpress\/georgien\/","og_locale":"de_DE","og_type":"article","og_title":"Georgien - unterIrdisch","og_url":"https:\/\/unterirdis.ch\/wordpress\/georgien\/","og_site_name":"unterIrdisch","article_modified_time":"2022-07-26T16:16:57+00:00","og_image":[{"width":1200,"height":675,"url":"https:\/\/unterirdis.ch\/wp-content\/uploads\/2023\/05\/fallback.webp","type":"image\/webp"}],"twitter_card":"summary_large_image","twitter_site":"@unterirdis_ch","twitter_misc":{"Gesch\u00e4tzte Lesezeit":"1\u00a0Minute"},"schema":{"@context":"https:\/\/schema.org","@graph":[{"@type":"WebPage","@id":"https:\/\/unterirdis.ch\/wordpress\/georgien\/","url":"https:\/\/unterirdis.ch\/wordpress\/georgien\/","name":"Georgien - unterIrdisch","isPartOf":{"@id":"https:\/\/unterirdis.ch\/wordpress\/#website"},"datePublished":"2022-07-26T16:11:19+00:00","dateModified":"2022-07-26T16:16:57+00:00","breadcrumb":{"@id":"https:\/\/unterirdis.ch\/wordpress\/georgien\/#breadcrumb"},"inLanguage":"de","potentialAction":[{"@type":"ReadAction","target":["https:\/\/unterirdis.ch\/wordpress\/georgien\/"]}]},{"@type":"BreadcrumbList","@id":"https:\/\/unterirdis.ch\/wordpress\/georgien\/#breadcrumb","itemListElement":[{"@type":"ListItem","position":1,"name":"Startseite","item":"https:\/\/unterirdis.ch\/wordpress\/"},{"@type":"ListItem","position":2,"name":"Georgien"}]},{"@type":"WebSite","@id":"https:\/\/unterirdis.ch\/wordpress\/#website","url":"https:\/\/unterirdis.ch\/wordpress\/","name":"unterIrdisch - der Science-Blog aus dem Haus der Arch\u00e4ologien","description":"der Science-Blog aus dem Haus der Arch\u00e4ologien","publisher":{"@id":"https:\/\/unterirdis.ch\/wordpress\/#organization"},"alternateName":"unterIrdisch","potentialAction":[{"@type":"SearchAction","target":{"@type":"EntryPoint","urlTemplate":"https:\/\/unterirdis.ch\/wordpress\/?s={search_term_string}"},"query-input":{"@type":"PropertyValueSpecification","valueRequired":true,"valueName":"search_term_string"}}],"inLanguage":"de"},{"@type":"Organization","@id":"https:\/\/unterirdis.ch\/wordpress\/#organization","name":"unterIrdisch - der Science-Blog aus dem Haus der Arch\u00e4ologien","alternateName":"unterIrdisch","url":"https:\/\/unterirdis.ch\/wordpress\/","logo":{"@type":"ImageObject","inLanguage":"de","@id":"https:\/\/unterirdis.ch\/wordpress\/#\/schema\/logo\/image\/","url":"https:\/\/unterirdis.ch\/wp-content\/uploads\/2022\/03\/logo_3000p-scaled.jpg","contentUrl":"https:\/\/unterirdis.ch\/wp-content\/uploads\/2022\/03\/logo_3000p-scaled.jpg","width":2560,"height":2560,"caption":"unterIrdisch - der Science-Blog aus dem Haus der Arch\u00e4ologien"},"image":{"@id":"https:\/\/unterirdis.ch\/wordpress\/#\/schema\/logo\/image\/"},"sameAs":["https:\/\/x.com\/unterirdis_ch","https:\/\/instagram.com\/unterirdis.ch","https:\/\/www.youtube.com\/channel\/UCWj0o58Zp9pOrkbG3Xh2C4Q"]}]}},"_links":{"self":[{"href":"https:\/\/unterirdis.ch\/wordpress\/wp-json\/wp\/v2\/pages\/955","targetHints":{"allow":["GET"]}}],"collection":[{"href":"https:\/\/unterirdis.ch\/wordpress\/wp-json\/wp\/v2\/pages"}],"about":[{"href":"https:\/\/unterirdis.ch\/wordpress\/wp-json\/wp\/v2\/types\/page"}],"author":[{"embeddable":true,"href":"https:\/\/unterirdis.ch\/wordpress\/wp-json\/wp\/v2\/users\/2"}],"replies":[{"embeddable":true,"href":"https:\/\/unterirdis.ch\/wordpress\/wp-json\/wp\/v2\/comments?post=955"}],"version-history":[{"count":0,"href":"https:\/\/unterirdis.ch\/wordpress\/wp-json\/wp\/v2\/pages\/955\/revisions"}],"wp:attachment":[{"href":"https:\/\/unterirdis.ch\/wordpress\/wp-json\/wp\/v2\/media?parent=955"}],"curies":[{"name":"wp","href":"https:\/\/api.w.org\/{rel}","templated":true}]}}