{"id":953,"date":"2022-07-26T18:11:09","date_gmt":"2022-07-26T16:11:09","guid":{"rendered":"https:\/\/unterirdis.ch\/wordpress\/?page_id=953"},"modified":"2022-07-26T18:17:05","modified_gmt":"2022-07-26T16:17:05","slug":"iran","status":"publish","type":"page","link":"https:\/\/unterirdis.ch\/wordpress\/iran\/","title":{"rendered":"Iran"},"content":{"rendered":"\t\t<div data-elementor-type=\"wp-page\" data-elementor-id=\"953\" class=\"elementor elementor-953\" data-elementor-post-type=\"page\">\n\t\t\t\t\t\t<section class=\"elementor-section elementor-top-section elementor-element elementor-element-bfe51f0 elementor-section-boxed elementor-section-height-default elementor-section-height-default\" data-id=\"bfe51f0\" data-element_type=\"section\" data-e-type=\"section\">\n\t\t\t\t\t\t<div class=\"elementor-container elementor-column-gap-default\">\n\t\t\t\t\t<div class=\"elementor-column elementor-col-100 elementor-top-column elementor-element elementor-element-93d97ae\" data-id=\"93d97ae\" data-element_type=\"column\" data-e-type=\"column\">\n\t\t\t<div class=\"elementor-widget-wrap elementor-element-populated\">\n\t\t\t\t\t\t<div class=\"elementor-element elementor-element-4373b0d elementor-widget elementor-widget-spacer\" data-id=\"4373b0d\" data-element_type=\"widget\" data-e-type=\"widget\" data-widget_type=\"spacer.default\">\n\t\t\t\t<div class=\"elementor-widget-container\">\n\t\t\t\t\t\t\t<div class=\"elementor-spacer\">\n\t\t\t<div class=\"elementor-spacer-inner\"><\/div>\n\t\t<\/div>\n\t\t\t\t\t\t<\/div>\n\t\t\t\t<\/div>\n\t\t\t\t<div class=\"elementor-element elementor-element-24c7bfe elementor-grid-3 elementor-grid-tablet-2 elementor-grid-mobile-1 elementor-posts--thumbnail-top elementor-widget elementor-widget-posts\" data-id=\"24c7bfe\" data-element_type=\"widget\" data-e-type=\"widget\" data-settings=\"{&quot;classic_columns&quot;:&quot;3&quot;,&quot;classic_columns_tablet&quot;:&quot;2&quot;,&quot;classic_columns_mobile&quot;:&quot;1&quot;,&quot;classic_row_gap&quot;:{&quot;unit&quot;:&quot;px&quot;,&quot;size&quot;:35,&quot;sizes&quot;:[]},&quot;classic_row_gap_tablet&quot;:{&quot;unit&quot;:&quot;px&quot;,&quot;size&quot;:&quot;&quot;,&quot;sizes&quot;:[]},&quot;classic_row_gap_mobile&quot;:{&quot;unit&quot;:&quot;px&quot;,&quot;size&quot;:&quot;&quot;,&quot;sizes&quot;:[]}}\" data-widget_type=\"posts.classic\">\n\t\t\t\t<div class=\"elementor-widget-container\">\n\t\t\t\t\t\t\t<div class=\"elementor-posts-container elementor-posts elementor-posts--skin-classic elementor-grid\" role=\"list\">\n\t\t\t\t<article class=\"elementor-post elementor-grid-item post-824 post type-post status-publish format-standard has-post-thumbnail hentry category-im-museum category-iran category-unteruns\" role=\"listitem\">\n\t\t\t\t<a class=\"elementor-post__thumbnail__link\" href=\"https:\/\/unterirdis.ch\/wordpress\/2022\/06\/03\/von-kupfer-wasserhoehlen-und-schmuck-in-veshanveh-zentral-iran\/\" tabindex=\"-1\" >\n\t\t\t<div class=\"elementor-post__thumbnail\"><img fetchpriority=\"high\" decoding=\"async\" width=\"768\" height=\"1075\" src=\"https:\/\/unterirdis.ch\/wp-content\/uploads\/2022\/07\/ABh46_Cover-768x1075.jpg\" class=\"attachment-medium_large size-medium_large wp-image-825\" alt=\"\" srcset=\"https:\/\/unterirdis.ch\/wp-content\/uploads\/2022\/07\/ABh46_Cover-768x1075.jpg 768w, https:\/\/unterirdis.ch\/wp-content\/uploads\/2022\/07\/ABh46_Cover-214x300.jpg 214w, https:\/\/unterirdis.ch\/wp-content\/uploads\/2022\/07\/ABh46_Cover-732x1024.jpg 732w, https:\/\/unterirdis.ch\/wp-content\/uploads\/2022\/07\/ABh46_Cover-1098x1536.jpg 1098w, https:\/\/unterirdis.ch\/wp-content\/uploads\/2022\/07\/ABh46_Cover-1463x2048.jpg 1463w, https:\/\/unterirdis.ch\/wp-content\/uploads\/2022\/07\/ABh46_Cover-scaled.jpg 1829w\" sizes=\"(max-width: 768px) 100vw, 768px\" \/><\/div>\n\t\t<\/a>\n\t\t\t\t<div class=\"elementor-post__text\">\n\t\t\t\t<h3 class=\"elementor-post__title\">\n\t\t\t<a href=\"https:\/\/unterirdis.ch\/wordpress\/2022\/06\/03\/von-kupfer-wasserhoehlen-und-schmuck-in-veshanveh-zentral-iran\/\" >\n\t\t\t\tVon Kupfer, Wasserh\u00f6hlen und Schmuck in Veshanveh, Zentral-Iran\t\t\t<\/a>\n\t\t<\/h3>\n\t\t\t\t<div class=\"elementor-post__meta-data\">\n\t\t\t\t\t<span class=\"elementor-post-date\">\n\t\t\t3. Juni 2022\t\t<\/span>\n\t\t\t\t<\/div>\n\t\t\t\t<div class=\"elementor-post__excerpt\">\n\t\t\t<p>Der Anschnitt, Beiheft 46 und erster Band der Unterreihe Mining Archaeology in Iran ist da! Die bergbauarch\u00e4ologischen Ausgrabungen in Veshnaveh geh\u00f6rten zu den ersten systematischen ihrer Art in Iran. Dies<\/p>\n\t\t<\/div>\n\t\t\n\t\t<a class=\"elementor-post__read-more\" href=\"https:\/\/unterirdis.ch\/wordpress\/2022\/06\/03\/von-kupfer-wasserhoehlen-und-schmuck-in-veshanveh-zentral-iran\/\" aria-label=\"Mehr \u00fcber Von Kupfer, Wasserh\u00f6hlen und Schmuck in Veshanveh, Zentral-Iran\" tabindex=\"-1\" >\n\t\t\tWeiterlesen \u00bb\t\t<\/a>\n\n\t\t\t\t<\/div>\n\t\t\t\t<\/article>\n\t\t\t\t<article class=\"elementor-post elementor-grid-item post-155 post type-post status-publish format-standard has-post-thumbnail hentry category-im-museum category-iran category-unteruns\" role=\"listitem\">\n\t\t\t\t<a class=\"elementor-post__thumbnail__link\" href=\"https:\/\/unterirdis.ch\/wordpress\/2021\/11\/29\/tod-im-salz-und-human-search-for-ressources-in-teheran-eroeffnet\/\" tabindex=\"-1\" >\n\t\t\t<div class=\"elementor-post__thumbnail\"><img decoding=\"async\" width=\"768\" height=\"512\" src=\"https:\/\/unterirdis.ch\/wp-content\/uploads\/2021\/11\/IMG-20211104-WA0014-768x512.jpg\" class=\"attachment-medium_large size-medium_large wp-image-145\" alt=\"\" srcset=\"https:\/\/unterirdis.ch\/wp-content\/uploads\/2021\/11\/IMG-20211104-WA0014-768x512.jpg 768w, https:\/\/unterirdis.ch\/wp-content\/uploads\/2021\/11\/IMG-20211104-WA0014-300x200.jpg 300w, https:\/\/unterirdis.ch\/wp-content\/uploads\/2021\/11\/IMG-20211104-WA0014.jpg 1024w\" sizes=\"(max-width: 768px) 100vw, 768px\" \/><\/div>\n\t\t<\/a>\n\t\t\t\t<div class=\"elementor-post__text\">\n\t\t\t\t<h3 class=\"elementor-post__title\">\n\t\t\t<a href=\"https:\/\/unterirdis.ch\/wordpress\/2021\/11\/29\/tod-im-salz-und-human-search-for-ressources-in-teheran-eroeffnet\/\" >\n\t\t\t\t&#8222;Tod im Salz&#8220; und &#8222;Human Search for Ressources&#8220; in Teheran er\u00f6ffnet\t\t\t<\/a>\n\t\t<\/h3>\n\t\t\t\t<div class=\"elementor-post__meta-data\">\n\t\t\t\t\t<span class=\"elementor-post-date\">\n\t\t\t29. November 2021\t\t<\/span>\n\t\t\t\t<\/div>\n\t\t\t\t<div class=\"elementor-post__excerpt\">\n\t\t\t<p>Das Deutsche Bergbau-Museum Bochum (DBM) konnte in Zusammenarbeit mit dem Iranischen Nationalmuseum Teheran (NMI) am 03.11.2021 die beiden Ausstellungen \u201eDeath at Salt\u201c und die vom DBM erarbeitete Ausstellung \u201eHuman Search for Resources \u2013 70 Years of Mining Archaeology at the Deutsches Bergbau-Museum\u201c er\u00f6ffnen.<\/p>\n\t\t<\/div>\n\t\t\n\t\t<a class=\"elementor-post__read-more\" href=\"https:\/\/unterirdis.ch\/wordpress\/2021\/11\/29\/tod-im-salz-und-human-search-for-ressources-in-teheran-eroeffnet\/\" aria-label=\"Mehr \u00fcber &#8222;Tod im Salz&#8220; und &#8222;Human Search for Ressources&#8220; in Teheran er\u00f6ffnet\" tabindex=\"-1\" >\n\t\t\tWeiterlesen \u00bb\t\t<\/a>\n\n\t\t\t\t<\/div>\n\t\t\t\t<\/article>\n\t\t\t\t<article class=\"elementor-post elementor-grid-item post-57 post type-post status-publish format-standard has-post-thumbnail hentry category-im-museum category-iran category-unteruns\" role=\"listitem\">\n\t\t\t\t<a class=\"elementor-post__thumbnail__link\" href=\"https:\/\/unterirdis.ch\/wordpress\/2020\/12\/10\/tod-im-salz-coming-soon\/\" tabindex=\"-1\" >\n\t\t\t<div class=\"elementor-post__thumbnail\"><img decoding=\"async\" width=\"768\" height=\"1088\" src=\"https:\/\/unterirdis.ch\/wp-content\/uploads\/2020\/12\/TiS-digital-768x1088.jpg\" class=\"attachment-medium_large size-medium_large wp-image-506\" alt=\"\" srcset=\"https:\/\/unterirdis.ch\/wp-content\/uploads\/2020\/12\/TiS-digital-768x1088.jpg 768w, https:\/\/unterirdis.ch\/wp-content\/uploads\/2020\/12\/TiS-digital-212x300.jpg 212w, https:\/\/unterirdis.ch\/wp-content\/uploads\/2020\/12\/TiS-digital-723x1024.jpg 723w, https:\/\/unterirdis.ch\/wp-content\/uploads\/2020\/12\/TiS-digital.jpg 900w\" sizes=\"(max-width: 768px) 100vw, 768px\" \/><\/div>\n\t\t<\/a>\n\t\t\t\t<div class=\"elementor-post__text\">\n\t\t\t\t<h3 class=\"elementor-post__title\">\n\t\t\t<a href=\"https:\/\/unterirdis.ch\/wordpress\/2020\/12\/10\/tod-im-salz-coming-soon\/\" >\n\t\t\t\tTod im Salz. Eine arch\u00e4ologische Ermittlung in Persien\t\t\t<\/a>\n\t\t<\/h3>\n\t\t\t\t<div class=\"elementor-post__meta-data\">\n\t\t\t\t\t<span class=\"elementor-post-date\">\n\t\t\t10. Dezember 2020\t\t<\/span>\n\t\t\t\t<\/div>\n\t\t\t\t<div class=\"elementor-post__excerpt\">\n\t\t\t<p>Vor 2400 Jahren wurden mehrere Bergleute bei einem Grubenungl\u00fcck in einem iranischen Salzbergwerk aus dem Leben gerissen, mit ihnen ein junger Mann, der erst wenige Tage zuvor ins Bergwerk gekommen war. Was damals eine schreckliche Katastrophe war, stellt heute einen Gl\u00fccksfall f\u00fcr die Wissenschaft dar: Folgen Sie den Arch\u00e4olog:innen bei ihrer Ermittlungsarbeit zu diesen Ungl\u00fccken in unserer Sonderausstellung \u201eTod im Salz. Eine arch\u00e4ologische Ermittlung in Persien\u201c!<\/p>\n\t\t<\/div>\n\t\t\n\t\t<a class=\"elementor-post__read-more\" href=\"https:\/\/unterirdis.ch\/wordpress\/2020\/12\/10\/tod-im-salz-coming-soon\/\" aria-label=\"Mehr \u00fcber Tod im Salz. Eine arch\u00e4ologische Ermittlung in Persien\" tabindex=\"-1\" >\n\t\t\tWeiterlesen \u00bb\t\t<\/a>\n\n\t\t\t\t<\/div>\n\t\t\t\t<\/article>\n\t\t\t\t<article class=\"elementor-post elementor-grid-item post-56 post type-post status-publish format-standard has-post-thumbnail hentry category-im-museum category-deutschland category-iran category-unterfreunden\" role=\"listitem\">\n\t\t\t\t<a class=\"elementor-post__thumbnail__link\" href=\"https:\/\/unterirdis.ch\/wordpress\/2020\/11\/12\/folge-3-unterfreunden-in-frankfurt\/\" tabindex=\"-1\" >\n\t\t\t<div class=\"elementor-post__thumbnail\"><img loading=\"lazy\" decoding=\"async\" width=\"768\" height=\"768\" src=\"https:\/\/unterirdis.ch\/wp-content\/uploads\/2020\/11\/NBK_Frankfurt-768x768.jpg\" class=\"attachment-medium_large size-medium_large wp-image-518\" alt=\"\" srcset=\"https:\/\/unterirdis.ch\/wp-content\/uploads\/2020\/11\/NBK_Frankfurt-768x768.jpg 768w, https:\/\/unterirdis.ch\/wp-content\/uploads\/2020\/11\/NBK_Frankfurt-300x300.jpg 300w, https:\/\/unterirdis.ch\/wp-content\/uploads\/2020\/11\/NBK_Frankfurt-150x150.jpg 150w, https:\/\/unterirdis.ch\/wp-content\/uploads\/2020\/11\/NBK_Frankfurt.jpg 900w\" sizes=\"(max-width: 768px) 100vw, 768px\" \/><\/div>\n\t\t<\/a>\n\t\t\t\t<div class=\"elementor-post__text\">\n\t\t\t\t<h3 class=\"elementor-post__title\">\n\t\t\t<a href=\"https:\/\/unterirdis.ch\/wordpress\/2020\/11\/12\/folge-3-unterfreunden-in-frankfurt\/\" >\n\t\t\t\tFolge 3 &#8211; unterFreunden in Frankfurt\t\t\t<\/a>\n\t\t<\/h3>\n\t\t\t\t<div class=\"elementor-post__meta-data\">\n\t\t\t\t\t<span class=\"elementor-post-date\">\n\t\t\t12. November 2020\t\t<\/span>\n\t\t\t\t<\/div>\n\t\t\t\t<div class=\"elementor-post__excerpt\">\n\t\t\t<p>unterIrdisch war zu Gast bei Dr. Natascha Bagherpour Kashani, die als Kustodin f\u00fcr Klassische Arch\u00e4ologie und den Alten Orient im <a href=\"https:\/\/www.archaeologisches-museum-frankfurt.de\/de\/\" target=\"_blank\" rel=\"noopener\">Arch\u00e4ologischen Museum Frankfurt<\/a> t\u00e4tig ist.<\/p>\n\t\t<\/div>\n\t\t\n\t\t<a class=\"elementor-post__read-more\" href=\"https:\/\/unterirdis.ch\/wordpress\/2020\/11\/12\/folge-3-unterfreunden-in-frankfurt\/\" aria-label=\"Mehr \u00fcber Folge 3 &#8211; unterFreunden in Frankfurt\" tabindex=\"-1\" >\n\t\t\tWeiterlesen \u00bb\t\t<\/a>\n\n\t\t\t\t<\/div>\n\t\t\t\t<\/article>\n\t\t\t\t<article class=\"elementor-post elementor-grid-item post-55 post type-post status-publish format-standard has-post-thumbnail hentry category-im-museum category-iran category-oesterreich category-unterwegs\" role=\"listitem\">\n\t\t\t\t<a class=\"elementor-post__thumbnail__link\" href=\"https:\/\/unterirdis.ch\/wordpress\/2020\/11\/09\/da-muss-man-weiter-und-heraus-finden-wohin-der-stollen-fuehrt\/\" tabindex=\"-1\" >\n\t\t\t<div class=\"elementor-post__thumbnail\"><img loading=\"lazy\" decoding=\"async\" width=\"768\" height=\"576\" src=\"https:\/\/unterirdis.ch\/wp-content\/uploads\/2020\/11\/100jaehriger_Stollen-768x576.jpg\" class=\"attachment-medium_large size-medium_large wp-image-52\" alt=\"100j\u00e4hriger Stollen\" srcset=\"https:\/\/unterirdis.ch\/wp-content\/uploads\/2020\/11\/100jaehriger_Stollen-768x576.jpg 768w, https:\/\/unterirdis.ch\/wp-content\/uploads\/2020\/11\/100jaehriger_Stollen-300x225.jpg 300w, https:\/\/unterirdis.ch\/wp-content\/uploads\/2020\/11\/100jaehriger_Stollen-1024x768.jpg 1024w, https:\/\/unterirdis.ch\/wp-content\/uploads\/2020\/11\/100jaehriger_Stollen-1536x1152.jpg 1536w, https:\/\/unterirdis.ch\/wp-content\/uploads\/2020\/11\/100jaehriger_Stollen-2048x1536.jpg 2048w\" sizes=\"(max-width: 768px) 100vw, 768px\" \/><\/div>\n\t\t<\/a>\n\t\t\t\t<div class=\"elementor-post__text\">\n\t\t\t\t<h3 class=\"elementor-post__title\">\n\t\t\t<a href=\"https:\/\/unterirdis.ch\/wordpress\/2020\/11\/09\/da-muss-man-weiter-und-heraus-finden-wohin-der-stollen-fuehrt\/\" >\n\t\t\t\tDa muss man weiter und heraus finden, wohin der Stollen f\u00fchrt\u2026\t\t\t<\/a>\n\t\t<\/h3>\n\t\t\t\t<div class=\"elementor-post__meta-data\">\n\t\t\t\t\t<span class=\"elementor-post-date\">\n\t\t\t9. November 2020\t\t<\/span>\n\t\t\t\t<\/div>\n\t\t\t\t<div class=\"elementor-post__excerpt\">\n\t\t\t<p>Prof. Dr. Thomas St\u00f6llner gibt&nbsp; uns exklusive Einblicke in seine Arbeit als Arch\u00e4ologe.<\/p>\n\t\t<\/div>\n\t\t\n\t\t<a class=\"elementor-post__read-more\" href=\"https:\/\/unterirdis.ch\/wordpress\/2020\/11\/09\/da-muss-man-weiter-und-heraus-finden-wohin-der-stollen-fuehrt\/\" aria-label=\"Mehr \u00fcber Da muss man weiter und heraus finden, wohin der Stollen f\u00fchrt\u2026\" tabindex=\"-1\" >\n\t\t\tWeiterlesen \u00bb\t\t<\/a>\n\n\t\t\t\t<\/div>\n\t\t\t\t<\/article>\n\t\t\t\t<\/div>\n\t\t\n\t\t\t\t\t\t<\/div>\n\t\t\t\t<\/div>\n\t\t\t\t<div class=\"elementor-element elementor-element-0f8decd elementor-widget elementor-widget-spacer\" data-id=\"0f8decd\" data-element_type=\"widget\" data-e-type=\"widget\" data-widget_type=\"spacer.default\">\n\t\t\t\t<div class=\"elementor-widget-container\">\n\t\t\t\t\t\t\t<div class=\"elementor-spacer\">\n\t\t\t<div class=\"elementor-spacer-inner\"><\/div>\n\t\t<\/div>\n\t\t\t\t\t\t<\/div>\n\t\t\t\t<\/div>\n\t\t\t\t<div class=\"elementor-element elementor-element-b021113 elementor-post-navigation-borders-yes elementor-widget elementor-widget-post-navigation\" data-id=\"b021113\" data-element_type=\"widget\" data-e-type=\"widget\" data-widget_type=\"post-navigation.default\">\n\t\t\t\t<div class=\"elementor-widget-container\">\n\t\t\t\t\t\t\t<div class=\"elementor-post-navigation\" role=\"navigation\" aria-label=\"Beitrag Navigation\">\n\t\t\t<div class=\"elementor-post-navigation__prev elementor-post-navigation__link\">\n\t\t\t\t<a href=\"https:\/\/unterirdis.ch\/wordpress\/2020\/10\/24\/podcast-unterfreunden-im-siegerland-teil-2\/\" rel=\"prev\"><span class=\"post-navigation__arrow-wrapper post-navigation__arrow-prev\"><svg aria-hidden=\"true\" class=\"e-font-icon-svg e-fas-angle-left\" viewBox=\"0 0 256 512\" xmlns=\"http:\/\/www.w3.org\/2000\/svg\"><path d=\"M31.7 239l136-136c9.4-9.4 24.6-9.4 33.9 0l22.6 22.6c9.4 9.4 9.4 24.6 0 33.9L127.9 256l96.4 96.4c9.4 9.4 9.4 24.6 0 33.9L201.7 409c-9.4 9.4-24.6 9.4-33.9 0l-136-136c-9.5-9.4-9.5-24.6-.1-34z\"><\/path><\/svg><span class=\"elementor-screen-only\">Zur\u00fcck<\/span><\/span><span class=\"elementor-post-navigation__link__prev\"><span class=\"post-navigation__prev--label\">Voriger<\/span><span class=\"post-navigation__prev--title\">Folge 2 &#8211; unterFreunden im Siegerland, Teil 2<\/span><\/span><\/a>\t\t\t<\/div>\n\t\t\t\t\t\t\t<div class=\"elementor-post-navigation__separator-wrapper\">\n\t\t\t\t\t<div class=\"elementor-post-navigation__separator\"><\/div>\n\t\t\t\t<\/div>\n\t\t\t\t\t\t<div class=\"elementor-post-navigation__next elementor-post-navigation__link\">\n\t\t\t\t<a href=\"https:\/\/unterirdis.ch\/wordpress\/2020\/11\/12\/folge-3-unterfreunden-in-frankfurt\/\" rel=\"next\"><span class=\"elementor-post-navigation__link__next\"><span class=\"post-navigation__next--label\">N\u00e4chster<\/span><span class=\"post-navigation__next--title\">Folge 3 &#8211; unterFreunden in Frankfurt<\/span><\/span><span class=\"post-navigation__arrow-wrapper post-navigation__arrow-next\"><svg aria-hidden=\"true\" class=\"e-font-icon-svg e-fas-angle-right\" viewBox=\"0 0 256 512\" xmlns=\"http:\/\/www.w3.org\/2000\/svg\"><path d=\"M224.3 273l-136 136c-9.4 9.4-24.6 9.4-33.9 0l-22.6-22.6c-9.4-9.4-9.4-24.6 0-33.9l96.4-96.4-96.4-96.4c-9.4-9.4-9.4-24.6 0-33.9L54.3 103c9.4-9.4 24.6-9.4 33.9 0l136 136c9.5 9.4 9.5 24.6.1 34z\"><\/path><\/svg><span class=\"elementor-screen-only\">N\u00e4chster<\/span><\/span><\/a>\t\t\t<\/div>\n\t\t<\/div>\n\t\t\t\t\t\t<\/div>\n\t\t\t\t<\/div>\n\t\t\t\t\t<\/div>\n\t\t<\/div>\n\t\t\t\t\t<\/div>\n\t\t<\/section>\n\t\t\t\t<\/div>\n\t\t","protected":false},"excerpt":{"rendered":"","protected":false},"author":2,"featured_media":0,"parent":0,"menu_order":0,"comment_status":"closed","ping_status":"closed","template":"","meta":{"footnotes":""},"class_list":["post-953","page","type-page","status-publish","hentry"],"yoast_head":"<!-- This site is optimized with the Yoast SEO plugin v27.6 - https:\/\/yoast.com\/product\/yoast-seo-wordpress\/ -->\n<title>Iran - unterIrdisch<\/title>\n<meta name=\"robots\" content=\"index, follow, max-snippet:-1, max-image-preview:large, max-video-preview:-1\" \/>\n<link rel=\"canonical\" href=\"https:\/\/unterirdis.ch\/wordpress\/iran\/\" \/>\n<meta property=\"og:locale\" content=\"de_DE\" \/>\n<meta property=\"og:type\" content=\"article\" \/>\n<meta property=\"og:title\" content=\"Iran - unterIrdisch\" \/>\n<meta property=\"og:url\" content=\"https:\/\/unterirdis.ch\/wordpress\/iran\/\" \/>\n<meta property=\"og:site_name\" content=\"unterIrdisch\" \/>\n<meta property=\"article:modified_time\" content=\"2022-07-26T16:17:05+00:00\" \/>\n<meta property=\"og:image\" content=\"https:\/\/unterirdis.ch\/wp-content\/uploads\/2023\/05\/fallback.webp\" \/>\n\t<meta property=\"og:image:width\" content=\"1200\" \/>\n\t<meta property=\"og:image:height\" content=\"675\" \/>\n\t<meta property=\"og:image:type\" content=\"image\/webp\" \/>\n<meta name=\"twitter:card\" content=\"summary_large_image\" \/>\n<meta name=\"twitter:site\" content=\"@unterirdis_ch\" \/>\n<meta name=\"twitter:label1\" content=\"Gesch\u00e4tzte Lesezeit\" \/>\n\t<meta name=\"twitter:data1\" content=\"1\u00a0Minute\" \/>\n<script type=\"application\/ld+json\" class=\"yoast-schema-graph\">{\"@context\":\"https:\\\/\\\/schema.org\",\"@graph\":[{\"@type\":\"WebPage\",\"@id\":\"https:\\\/\\\/unterirdis.ch\\\/wordpress\\\/iran\\\/\",\"url\":\"https:\\\/\\\/unterirdis.ch\\\/wordpress\\\/iran\\\/\",\"name\":\"Iran - unterIrdisch\",\"isPartOf\":{\"@id\":\"https:\\\/\\\/unterirdis.ch\\\/wordpress\\\/#website\"},\"datePublished\":\"2022-07-26T16:11:09+00:00\",\"dateModified\":\"2022-07-26T16:17:05+00:00\",\"breadcrumb\":{\"@id\":\"https:\\\/\\\/unterirdis.ch\\\/wordpress\\\/iran\\\/#breadcrumb\"},\"inLanguage\":\"de\",\"potentialAction\":[{\"@type\":\"ReadAction\",\"target\":[\"https:\\\/\\\/unterirdis.ch\\\/wordpress\\\/iran\\\/\"]}]},{\"@type\":\"BreadcrumbList\",\"@id\":\"https:\\\/\\\/unterirdis.ch\\\/wordpress\\\/iran\\\/#breadcrumb\",\"itemListElement\":[{\"@type\":\"ListItem\",\"position\":1,\"name\":\"Startseite\",\"item\":\"https:\\\/\\\/unterirdis.ch\\\/wordpress\\\/\"},{\"@type\":\"ListItem\",\"position\":2,\"name\":\"Iran\"}]},{\"@type\":\"WebSite\",\"@id\":\"https:\\\/\\\/unterirdis.ch\\\/wordpress\\\/#website\",\"url\":\"https:\\\/\\\/unterirdis.ch\\\/wordpress\\\/\",\"name\":\"unterIrdisch - der Science-Blog aus dem Haus der Arch\u00e4ologien\",\"description\":\"der Science-Blog aus dem Haus der Arch\u00e4ologien\",\"publisher\":{\"@id\":\"https:\\\/\\\/unterirdis.ch\\\/wordpress\\\/#organization\"},\"alternateName\":\"unterIrdisch\",\"potentialAction\":[{\"@type\":\"SearchAction\",\"target\":{\"@type\":\"EntryPoint\",\"urlTemplate\":\"https:\\\/\\\/unterirdis.ch\\\/wordpress\\\/?s={search_term_string}\"},\"query-input\":{\"@type\":\"PropertyValueSpecification\",\"valueRequired\":true,\"valueName\":\"search_term_string\"}}],\"inLanguage\":\"de\"},{\"@type\":\"Organization\",\"@id\":\"https:\\\/\\\/unterirdis.ch\\\/wordpress\\\/#organization\",\"name\":\"unterIrdisch - der Science-Blog aus dem Haus der Arch\u00e4ologien\",\"alternateName\":\"unterIrdisch\",\"url\":\"https:\\\/\\\/unterirdis.ch\\\/wordpress\\\/\",\"logo\":{\"@type\":\"ImageObject\",\"inLanguage\":\"de\",\"@id\":\"https:\\\/\\\/unterirdis.ch\\\/wordpress\\\/#\\\/schema\\\/logo\\\/image\\\/\",\"url\":\"https:\\\/\\\/unterirdis.ch\\\/wp-content\\\/uploads\\\/2022\\\/03\\\/logo_3000p-scaled.jpg\",\"contentUrl\":\"https:\\\/\\\/unterirdis.ch\\\/wp-content\\\/uploads\\\/2022\\\/03\\\/logo_3000p-scaled.jpg\",\"width\":2560,\"height\":2560,\"caption\":\"unterIrdisch - der Science-Blog aus dem Haus der Arch\u00e4ologien\"},\"image\":{\"@id\":\"https:\\\/\\\/unterirdis.ch\\\/wordpress\\\/#\\\/schema\\\/logo\\\/image\\\/\"},\"sameAs\":[\"https:\\\/\\\/x.com\\\/unterirdis_ch\",\"https:\\\/\\\/instagram.com\\\/unterirdis.ch\",\"https:\\\/\\\/www.youtube.com\\\/channel\\\/UCWj0o58Zp9pOrkbG3Xh2C4Q\"]}]}<\/script>\n<!-- \/ Yoast SEO plugin. -->","yoast_head_json":{"title":"Iran - unterIrdisch","robots":{"index":"index","follow":"follow","max-snippet":"max-snippet:-1","max-image-preview":"max-image-preview:large","max-video-preview":"max-video-preview:-1"},"canonical":"https:\/\/unterirdis.ch\/wordpress\/iran\/","og_locale":"de_DE","og_type":"article","og_title":"Iran - unterIrdisch","og_url":"https:\/\/unterirdis.ch\/wordpress\/iran\/","og_site_name":"unterIrdisch","article_modified_time":"2022-07-26T16:17:05+00:00","og_image":[{"width":1200,"height":675,"url":"https:\/\/unterirdis.ch\/wp-content\/uploads\/2023\/05\/fallback.webp","type":"image\/webp"}],"twitter_card":"summary_large_image","twitter_site":"@unterirdis_ch","twitter_misc":{"Gesch\u00e4tzte Lesezeit":"1\u00a0Minute"},"schema":{"@context":"https:\/\/schema.org","@graph":[{"@type":"WebPage","@id":"https:\/\/unterirdis.ch\/wordpress\/iran\/","url":"https:\/\/unterirdis.ch\/wordpress\/iran\/","name":"Iran - unterIrdisch","isPartOf":{"@id":"https:\/\/unterirdis.ch\/wordpress\/#website"},"datePublished":"2022-07-26T16:11:09+00:00","dateModified":"2022-07-26T16:17:05+00:00","breadcrumb":{"@id":"https:\/\/unterirdis.ch\/wordpress\/iran\/#breadcrumb"},"inLanguage":"de","potentialAction":[{"@type":"ReadAction","target":["https:\/\/unterirdis.ch\/wordpress\/iran\/"]}]},{"@type":"BreadcrumbList","@id":"https:\/\/unterirdis.ch\/wordpress\/iran\/#breadcrumb","itemListElement":[{"@type":"ListItem","position":1,"name":"Startseite","item":"https:\/\/unterirdis.ch\/wordpress\/"},{"@type":"ListItem","position":2,"name":"Iran"}]},{"@type":"WebSite","@id":"https:\/\/unterirdis.ch\/wordpress\/#website","url":"https:\/\/unterirdis.ch\/wordpress\/","name":"unterIrdisch - der Science-Blog aus dem Haus der Arch\u00e4ologien","description":"der Science-Blog aus dem Haus der Arch\u00e4ologien","publisher":{"@id":"https:\/\/unterirdis.ch\/wordpress\/#organization"},"alternateName":"unterIrdisch","potentialAction":[{"@type":"SearchAction","target":{"@type":"EntryPoint","urlTemplate":"https:\/\/unterirdis.ch\/wordpress\/?s={search_term_string}"},"query-input":{"@type":"PropertyValueSpecification","valueRequired":true,"valueName":"search_term_string"}}],"inLanguage":"de"},{"@type":"Organization","@id":"https:\/\/unterirdis.ch\/wordpress\/#organization","name":"unterIrdisch - der Science-Blog aus dem Haus der Arch\u00e4ologien","alternateName":"unterIrdisch","url":"https:\/\/unterirdis.ch\/wordpress\/","logo":{"@type":"ImageObject","inLanguage":"de","@id":"https:\/\/unterirdis.ch\/wordpress\/#\/schema\/logo\/image\/","url":"https:\/\/unterirdis.ch\/wp-content\/uploads\/2022\/03\/logo_3000p-scaled.jpg","contentUrl":"https:\/\/unterirdis.ch\/wp-content\/uploads\/2022\/03\/logo_3000p-scaled.jpg","width":2560,"height":2560,"caption":"unterIrdisch - der Science-Blog aus dem Haus der Arch\u00e4ologien"},"image":{"@id":"https:\/\/unterirdis.ch\/wordpress\/#\/schema\/logo\/image\/"},"sameAs":["https:\/\/x.com\/unterirdis_ch","https:\/\/instagram.com\/unterirdis.ch","https:\/\/www.youtube.com\/channel\/UCWj0o58Zp9pOrkbG3Xh2C4Q"]}]}},"_links":{"self":[{"href":"https:\/\/unterirdis.ch\/wordpress\/wp-json\/wp\/v2\/pages\/953","targetHints":{"allow":["GET"]}}],"collection":[{"href":"https:\/\/unterirdis.ch\/wordpress\/wp-json\/wp\/v2\/pages"}],"about":[{"href":"https:\/\/unterirdis.ch\/wordpress\/wp-json\/wp\/v2\/types\/page"}],"author":[{"embeddable":true,"href":"https:\/\/unterirdis.ch\/wordpress\/wp-json\/wp\/v2\/users\/2"}],"replies":[{"embeddable":true,"href":"https:\/\/unterirdis.ch\/wordpress\/wp-json\/wp\/v2\/comments?post=953"}],"version-history":[{"count":0,"href":"https:\/\/unterirdis.ch\/wordpress\/wp-json\/wp\/v2\/pages\/953\/revisions"}],"wp:attachment":[{"href":"https:\/\/unterirdis.ch\/wordpress\/wp-json\/wp\/v2\/media?parent=953"}],"curies":[{"name":"wp","href":"https:\/\/api.w.org\/{rel}","templated":true}]}}