{"id":951,"date":"2022-07-26T18:11:00","date_gmt":"2022-07-26T16:11:00","guid":{"rendered":"https:\/\/unterirdis.ch\/wordpress\/?page_id=951"},"modified":"2022-07-26T18:17:12","modified_gmt":"2022-07-26T16:17:12","slug":"italien","status":"publish","type":"page","link":"https:\/\/unterirdis.ch\/wordpress\/italien\/","title":{"rendered":"Italien"},"content":{"rendered":"\t\t<div data-elementor-type=\"wp-page\" data-elementor-id=\"951\" class=\"elementor elementor-951\" data-elementor-post-type=\"page\">\n\t\t\t\t\t\t<section class=\"elementor-section elementor-top-section elementor-element elementor-element-5b84a64 elementor-section-boxed elementor-section-height-default elementor-section-height-default\" data-id=\"5b84a64\" data-element_type=\"section\" data-e-type=\"section\">\n\t\t\t\t\t\t<div class=\"elementor-container elementor-column-gap-default\">\n\t\t\t\t\t<div class=\"elementor-column elementor-col-100 elementor-top-column elementor-element elementor-element-1ef6635\" data-id=\"1ef6635\" data-element_type=\"column\" data-e-type=\"column\">\n\t\t\t<div class=\"elementor-widget-wrap elementor-element-populated\">\n\t\t\t\t\t\t<div class=\"elementor-element elementor-element-d2879d2 elementor-widget elementor-widget-spacer\" data-id=\"d2879d2\" data-element_type=\"widget\" data-e-type=\"widget\" data-widget_type=\"spacer.default\">\n\t\t\t\t<div class=\"elementor-widget-container\">\n\t\t\t\t\t\t\t<div class=\"elementor-spacer\">\n\t\t\t<div class=\"elementor-spacer-inner\"><\/div>\n\t\t<\/div>\n\t\t\t\t\t\t<\/div>\n\t\t\t\t<\/div>\n\t\t\t\t<div class=\"elementor-element elementor-element-af9f4ac elementor-grid-3 elementor-grid-tablet-2 elementor-grid-mobile-1 elementor-posts--thumbnail-top elementor-widget elementor-widget-posts\" data-id=\"af9f4ac\" data-element_type=\"widget\" data-e-type=\"widget\" data-settings=\"{&quot;classic_columns&quot;:&quot;3&quot;,&quot;classic_columns_tablet&quot;:&quot;2&quot;,&quot;classic_columns_mobile&quot;:&quot;1&quot;,&quot;classic_row_gap&quot;:{&quot;unit&quot;:&quot;px&quot;,&quot;size&quot;:35,&quot;sizes&quot;:[]},&quot;classic_row_gap_tablet&quot;:{&quot;unit&quot;:&quot;px&quot;,&quot;size&quot;:&quot;&quot;,&quot;sizes&quot;:[]},&quot;classic_row_gap_mobile&quot;:{&quot;unit&quot;:&quot;px&quot;,&quot;size&quot;:&quot;&quot;,&quot;sizes&quot;:[]}}\" data-widget_type=\"posts.classic\">\n\t\t\t\t<div class=\"elementor-widget-container\">\n\t\t\t\t\t\t\t<div class=\"elementor-posts-container elementor-posts elementor-posts--skin-classic elementor-grid\" role=\"list\">\n\t\t\t\t<article class=\"elementor-post elementor-grid-item post-2534 post type-post status-publish format-standard has-post-thumbnail hentry category-an-der-ruhr-universitaet-bochum category-italien category-unterfreunden tag-forschung tag-italien tag-podcast tag-ruhr-universitaet-bochum tag-tagung tag-wissenschaftlicher-nachwuchs\" role=\"listitem\">\n\t\t\t\t<a class=\"elementor-post__thumbnail__link\" href=\"https:\/\/unterirdis.ch\/wordpress\/2024\/10\/18\/folge-46-von-venetien-nach-sizilien\/\" tabindex=\"-1\" >\n\t\t\t<div class=\"elementor-post__thumbnail\"><img fetchpriority=\"high\" decoding=\"async\" width=\"768\" height=\"384\" src=\"https:\/\/unterirdis.ch\/wp-content\/uploads\/2024\/10\/Nachwachstagung-768x384.jpg\" class=\"attachment-medium_large size-medium_large wp-image-2535\" alt=\"\" srcset=\"https:\/\/unterirdis.ch\/wp-content\/uploads\/2024\/10\/Nachwachstagung-768x384.jpg 768w, https:\/\/unterirdis.ch\/wp-content\/uploads\/2024\/10\/Nachwachstagung-300x150.jpg 300w, https:\/\/unterirdis.ch\/wp-content\/uploads\/2024\/10\/Nachwachstagung-1024x512.jpg 1024w, https:\/\/unterirdis.ch\/wp-content\/uploads\/2024\/10\/Nachwachstagung-1536x768.jpg 1536w, https:\/\/unterirdis.ch\/wp-content\/uploads\/2024\/10\/Nachwachstagung-2048x1024.jpg 2048w\" sizes=\"(max-width: 768px) 100vw, 768px\" \/><\/div>\n\t\t<\/a>\n\t\t\t\t<div class=\"elementor-post__text\">\n\t\t\t\t<h3 class=\"elementor-post__title\">\n\t\t\t<a href=\"https:\/\/unterirdis.ch\/wordpress\/2024\/10\/18\/folge-46-von-venetien-nach-sizilien\/\" >\n\t\t\t\tFolge 46 &#8211; Von Venetien nach Sizilien\t\t\t<\/a>\n\t\t<\/h3>\n\t\t\t\t<div class=\"elementor-post__meta-data\">\n\t\t\t\t\t<span class=\"elementor-post-date\">\n\t\t\t18. Oktober 2024\t\t<\/span>\n\t\t\t\t<\/div>\n\t\t\t\t<div class=\"elementor-post__excerpt\">\n\t\t\t<p>Nach der dArV-Tagung im Juli und der Verbandstagung des Nordwestdeutschen Arch\u00e4ologenverbands Anfang Oktober steht nun mit der Nachwuchstagung zum vorr\u00f6mischen Italien die dritte gro\u00dfe Tagung im Haus der Arch\u00e4ologien an.<\/p>\n\t\t<\/div>\n\t\t\n\t\t<a class=\"elementor-post__read-more\" href=\"https:\/\/unterirdis.ch\/wordpress\/2024\/10\/18\/folge-46-von-venetien-nach-sizilien\/\" aria-label=\"Mehr \u00fcber Folge 46 &#8211; Von Venetien nach Sizilien\" tabindex=\"-1\" >\n\t\t\tWeiterlesen \u00bb\t\t<\/a>\n\n\t\t\t\t<\/div>\n\t\t\t\t<\/article>\n\t\t\t\t<article class=\"elementor-post elementor-grid-item post-2128 post type-post status-publish format-standard has-post-thumbnail hentry category-an-der-ruhr-universitaet-bochum category-italien tag-call-for-papers tag-cfp tag-eaa tag-forschung tag-tagungen\" role=\"listitem\">\n\t\t\t\t<a class=\"elementor-post__thumbnail__link\" href=\"https:\/\/unterirdis.ch\/wordpress\/2024\/02\/02\/call-for-papers-eaa-session-1123\/\" tabindex=\"-1\" >\n\t\t\t<div class=\"elementor-post__thumbnail\"><img decoding=\"async\" width=\"768\" height=\"318\" src=\"https:\/\/unterirdis.ch\/wp-content\/uploads\/2024\/02\/Screenshot-2024-02-02-110705-e1706868518483-768x318.png\" class=\"attachment-medium_large size-medium_large wp-image-2129\" alt=\"\" srcset=\"https:\/\/unterirdis.ch\/wp-content\/uploads\/2024\/02\/Screenshot-2024-02-02-110705-e1706868518483-768x318.png 768w, https:\/\/unterirdis.ch\/wp-content\/uploads\/2024\/02\/Screenshot-2024-02-02-110705-e1706868518483-300x124.png 300w, https:\/\/unterirdis.ch\/wp-content\/uploads\/2024\/02\/Screenshot-2024-02-02-110705-e1706868518483.png 787w\" sizes=\"(max-width: 768px) 100vw, 768px\" \/><\/div>\n\t\t<\/a>\n\t\t\t\t<div class=\"elementor-post__text\">\n\t\t\t\t<h3 class=\"elementor-post__title\">\n\t\t\t<a href=\"https:\/\/unterirdis.ch\/wordpress\/2024\/02\/02\/call-for-papers-eaa-session-1123\/\" >\n\t\t\t\tCall for Papers &#8211; EAA Session 1123\t\t\t<\/a>\n\t\t<\/h3>\n\t\t\t\t<div class=\"elementor-post__meta-data\">\n\t\t\t\t\t<span class=\"elementor-post-date\">\n\t\t\t2. Februar 2024\t\t<\/span>\n\t\t\t\t<\/div>\n\t\t\t\t<div class=\"elementor-post__excerpt\">\n\t\t\t<p>DEADLINE February 8th 2024 ABSTRACTIn 2015 and 2016, the European \u2018migration crisis\u2019 saw the active involvement of journalists,\u00a0scholars, and activists in documenting the border repression that characterized migratory\u00a0journeys on the<\/p>\n\t\t<\/div>\n\t\t\n\t\t<a class=\"elementor-post__read-more\" href=\"https:\/\/unterirdis.ch\/wordpress\/2024\/02\/02\/call-for-papers-eaa-session-1123\/\" aria-label=\"Mehr \u00fcber Call for Papers &#8211; EAA Session 1123\" tabindex=\"-1\" >\n\t\t\tWeiterlesen \u00bb\t\t<\/a>\n\n\t\t\t\t<\/div>\n\t\t\t\t<\/article>\n\t\t\t\t<article class=\"elementor-post elementor-grid-item post-2008 post type-post status-publish format-standard hentry category-an-der-ruhr-universitaet-bochum category-italien category-unterwegs tag-arci-il-calderone-aps tag-ausgrabung tag-forschung tag-making-landscape tag-ruhr-universitaet-bochum tag-wisskomm\" role=\"listitem\">\n\t\t\t\t<div class=\"elementor-post__text\">\n\t\t\t\t<h3 class=\"elementor-post__title\">\n\t\t\t<a href=\"https:\/\/unterirdis.ch\/wordpress\/2023\/11\/07\/szenen-einer-grabung\/\" >\n\t\t\t\tSzenen einer Grabung &#8211; Ein Morgen, sechs Jahre sp\u00e4ter\t\t\t<\/a>\n\t\t<\/h3>\n\t\t\t\t<div class=\"elementor-post__meta-data\">\n\t\t\t\t\t<span class=\"elementor-post-date\">\n\t\t\t7. November 2023\t\t<\/span>\n\t\t\t\t<\/div>\n\t\t\t\t<div class=\"elementor-post__excerpt\">\n\t\t\t<p>Francesco Corgiolu von unseren italienischen Partnern der lokalen Kulturstiftung Il Calderone komponiert Szenen einer Grabung zu einem kleinen Gesamtkunstwerk, das uns in die Position des stillen Beobachters versetzt.&nbsp;Besonders beeindruckend sind<\/p>\n\t\t<\/div>\n\t\t\n\t\t<a class=\"elementor-post__read-more\" href=\"https:\/\/unterirdis.ch\/wordpress\/2023\/11\/07\/szenen-einer-grabung\/\" aria-label=\"Mehr \u00fcber Szenen einer Grabung &#8211; Ein Morgen, sechs Jahre sp\u00e4ter\" tabindex=\"-1\" >\n\t\t\tWeiterlesen \u00bb\t\t<\/a>\n\n\t\t\t\t<\/div>\n\t\t\t\t<\/article>\n\t\t\t\t<article class=\"elementor-post elementor-grid-item post-1528 post type-post status-publish format-standard has-post-thumbnail hentry category-an-der-ruhr-universitaet-bochum category-italien tag-grabung tag-italien tag-ruhr-universitaet-bochum\" role=\"listitem\">\n\t\t\t\t<a class=\"elementor-post__thumbnail__link\" href=\"https:\/\/unterirdis.ch\/wordpress\/2023\/01\/16\/pizza-pasta-paestum\/\" tabindex=\"-1\" >\n\t\t\t<div class=\"elementor-post__thumbnail\"><img decoding=\"async\" width=\"768\" height=\"512\" src=\"https:\/\/unterirdis.ch\/wp-content\/uploads\/2023\/01\/Bild-1-768x512.jpg\" class=\"attachment-medium_large size-medium_large wp-image-1545\" alt=\"\" srcset=\"https:\/\/unterirdis.ch\/wp-content\/uploads\/2023\/01\/Bild-1-768x512.jpg 768w, https:\/\/unterirdis.ch\/wp-content\/uploads\/2023\/01\/Bild-1-300x200.jpg 300w, https:\/\/unterirdis.ch\/wp-content\/uploads\/2023\/01\/Bild-1-1024x683.jpg 1024w, https:\/\/unterirdis.ch\/wp-content\/uploads\/2023\/01\/Bild-1-1536x1024.jpg 1536w, https:\/\/unterirdis.ch\/wp-content\/uploads\/2023\/01\/Bild-1-2048x1365.jpg 2048w\" sizes=\"(max-width: 768px) 100vw, 768px\" \/><\/div>\n\t\t<\/a>\n\t\t\t\t<div class=\"elementor-post__text\">\n\t\t\t\t<h3 class=\"elementor-post__title\">\n\t\t\t<a href=\"https:\/\/unterirdis.ch\/wordpress\/2023\/01\/16\/pizza-pasta-paestum\/\" >\n\t\t\t\tPizza, Pasta, Paestum\t\t\t<\/a>\n\t\t<\/h3>\n\t\t\t\t<div class=\"elementor-post__meta-data\">\n\t\t\t\t\t<span class=\"elementor-post-date\">\n\t\t\t16. Januar 2023\t\t<\/span>\n\t\t\t\t<\/div>\n\t\t\t\t<div class=\"elementor-post__excerpt\">\n\t\t\t<p>Mit Kelle und Arbeitsschuhen im Gep\u00e4ck trafen sich Anfang September dreizehn aufgeregte Arch\u00e4ologiestudierende um 3 Uhr nachts am Flughafen in D\u00fcsseldorf auf ihrem Weg zu ihrer ersten Ausgrabung in Italien.<\/p>\n\t\t<\/div>\n\t\t\n\t\t<a class=\"elementor-post__read-more\" href=\"https:\/\/unterirdis.ch\/wordpress\/2023\/01\/16\/pizza-pasta-paestum\/\" aria-label=\"Mehr \u00fcber Pizza, Pasta, Paestum\" tabindex=\"-1\" >\n\t\t\tWeiterlesen \u00bb\t\t<\/a>\n\n\t\t\t\t<\/div>\n\t\t\t\t<\/article>\n\t\t\t\t<article class=\"elementor-post elementor-grid-item post-1390 post type-post status-publish format-standard has-post-thumbnail hentry category-italien category-unterfreunden tag-aydin-abar tag-forschung tag-haus-der-archaeologien tag-ruhr-universitaet-bochum tag-trentino\" role=\"listitem\">\n\t\t\t\t<a class=\"elementor-post__thumbnail__link\" href=\"https:\/\/unterirdis.ch\/wordpress\/2022\/11\/03\/folge-30-erneut-im-trentino\/\" tabindex=\"-1\" >\n\t\t\t<div class=\"elementor-post__thumbnail\"><img loading=\"lazy\" decoding=\"async\" width=\"768\" height=\"512\" src=\"https:\/\/unterirdis.ch\/wp-content\/uploads\/2022\/11\/F_04-768x512.jpg\" class=\"attachment-medium_large size-medium_large wp-image-1392\" alt=\"Panoramabild im Vordergrund der mit Gras bewachsene Hang, in dem Dominik Zilg fast versinkt, w\u00e4hrend er Messpunkte auf seinem Klemmbrett eingibt. Im Hintergrund ein Tal und Bergketten.\" srcset=\"https:\/\/unterirdis.ch\/wp-content\/uploads\/2022\/11\/F_04-768x512.jpg 768w, https:\/\/unterirdis.ch\/wp-content\/uploads\/2022\/11\/F_04-300x200.jpg 300w, https:\/\/unterirdis.ch\/wp-content\/uploads\/2022\/11\/F_04-1024x683.jpg 1024w, https:\/\/unterirdis.ch\/wp-content\/uploads\/2022\/11\/F_04-1536x1024.jpg 1536w, https:\/\/unterirdis.ch\/wp-content\/uploads\/2022\/11\/F_04-2048x1365.jpg 2048w\" sizes=\"(max-width: 768px) 100vw, 768px\" \/><\/div>\n\t\t<\/a>\n\t\t\t\t<div class=\"elementor-post__text\">\n\t\t\t\t<h3 class=\"elementor-post__title\">\n\t\t\t<a href=\"https:\/\/unterirdis.ch\/wordpress\/2022\/11\/03\/folge-30-erneut-im-trentino\/\" >\n\t\t\t\tFolge 30 &#8211; Mit Aydin Abar erneut im Trentino\t\t\t<\/a>\n\t\t<\/h3>\n\t\t\t\t<div class=\"elementor-post__meta-data\">\n\t\t\t\t\t<span class=\"elementor-post-date\">\n\t\t\t3. November 2022\t\t<\/span>\n\t\t\t\t<\/div>\n\t\t\t\t<div class=\"elementor-post__excerpt\">\n\t\t\t<p>Hurra, wir sind wieder da! Und zwar mit Folge 30. H\u00e4? Werdet ihr Fragen, habe ich Folge 29 \u00fcbersehen? Nein! Die ist leider aus unvorhersehbaren Gr\u00fcnden noch nicht fertig und<\/p>\n\t\t<\/div>\n\t\t\n\t\t<a class=\"elementor-post__read-more\" href=\"https:\/\/unterirdis.ch\/wordpress\/2022\/11\/03\/folge-30-erneut-im-trentino\/\" aria-label=\"Mehr \u00fcber Folge 30 &#8211; Mit Aydin Abar erneut im Trentino\" tabindex=\"-1\" >\n\t\t\tWeiterlesen \u00bb\t\t<\/a>\n\n\t\t\t\t<\/div>\n\t\t\t\t<\/article>\n\t\t\t\t<article class=\"elementor-post elementor-grid-item post-157 post type-post status-publish format-standard has-post-thumbnail hentry category-an-der-ruhr-universitaet-bochum category-italien category-unterfreunden\" role=\"listitem\">\n\t\t\t\t<a class=\"elementor-post__thumbnail__link\" href=\"https:\/\/unterirdis.ch\/wordpress\/2022\/03\/28\/folge-20-unteruns-landschaften-und-klanglandschaften\/\" tabindex=\"-1\" >\n\t\t\t<div class=\"elementor-post__thumbnail\"><img loading=\"lazy\" decoding=\"async\" width=\"768\" height=\"768\" src=\"https:\/\/unterirdis.ch\/wp-content\/uploads\/2022\/03\/Klanglandschaften-768x768.jpg\" class=\"attachment-medium_large size-medium_large wp-image-738\" alt=\"\" srcset=\"https:\/\/unterirdis.ch\/wp-content\/uploads\/2022\/03\/Klanglandschaften-768x768.jpg 768w, https:\/\/unterirdis.ch\/wp-content\/uploads\/2022\/03\/Klanglandschaften-300x300.jpg 300w, https:\/\/unterirdis.ch\/wp-content\/uploads\/2022\/03\/Klanglandschaften-150x150.jpg 150w, https:\/\/unterirdis.ch\/wp-content\/uploads\/2022\/03\/Klanglandschaften.jpg 900w\" sizes=\"(max-width: 768px) 100vw, 768px\" \/><\/div>\n\t\t<\/a>\n\t\t\t\t<div class=\"elementor-post__text\">\n\t\t\t\t<h3 class=\"elementor-post__title\">\n\t\t\t<a href=\"https:\/\/unterirdis.ch\/wordpress\/2022\/03\/28\/folge-20-unteruns-landschaften-und-klanglandschaften\/\" >\n\t\t\t\tFolge 20 &#8211; unterUns &#8211; Landschaften und Klanglandschaften\t\t\t<\/a>\n\t\t<\/h3>\n\t\t\t\t<div class=\"elementor-post__meta-data\">\n\t\t\t\t\t<span class=\"elementor-post-date\">\n\t\t\t28. M\u00e4rz 2022\t\t<\/span>\n\t\t\t\t<\/div>\n\t\t\t\t<div class=\"elementor-post__excerpt\">\n\t\t\t<p>In der letzten Folge des Jahres nehmen wir euch mit in eine ebenso wichtige wie auch ungew\u00f6hnliche Dissertation. Tim Klingenberg, wissenschaftlicher Mitarbeiter und Doktorand bei uns im Haus, forscht unter anderem zur r\u00e4umlichen Wahrnehmung von Landschaft. Mit der Sardinien vorgelagerten Insel Sant\u2019Antioco hat er mit einem durch das Meer begrenzten Forschungsraum ideale Voraussetzungen. Wie er vorgeht, verr\u00e4t er uns im Gespr\u00e4ch. Noch spannender ist ein weiterer Teil seiner Dissertation, den er bereits in seiner Masterarbeit beleuchtet hatte und jetzt weiter ausarbeiten m\u00f6chte, die Erforschung von \u201eSoundscapes\u201c (Klanglandschaften) rund um die bronzezeitlichen Nuraghen und andere nuraghenzeitlichen Monumente. Die sich nicht nur auf H\u00f6henlagen befinden, sondern heute oftmals von dichter Geb\u00fcschvegetation umgeben sind. Zum Abschluss sprechen Tim und Dominic \u00fcber die Einbeziehung der lokalen Bev\u00f6lkerung und warum Italienisch sprechen zu k\u00f6nnen nicht immer die Kommunikation erleichtert.<\/p>\n\t\t<\/div>\n\t\t\n\t\t<a class=\"elementor-post__read-more\" href=\"https:\/\/unterirdis.ch\/wordpress\/2022\/03\/28\/folge-20-unteruns-landschaften-und-klanglandschaften\/\" aria-label=\"Mehr \u00fcber Folge 20 &#8211; unterUns &#8211; Landschaften und Klanglandschaften\" tabindex=\"-1\" >\n\t\t\tWeiterlesen \u00bb\t\t<\/a>\n\n\t\t\t\t<\/div>\n\t\t\t\t<\/article>\n\t\t\t\t<\/div>\n\t\t\n\t\t\t\t\t\t<\/div>\n\t\t\t\t<\/div>\n\t\t\t\t<div class=\"elementor-element elementor-element-98e33bc elementor-widget elementor-widget-spacer\" data-id=\"98e33bc\" data-element_type=\"widget\" data-e-type=\"widget\" data-widget_type=\"spacer.default\">\n\t\t\t\t<div class=\"elementor-widget-container\">\n\t\t\t\t\t\t\t<div class=\"elementor-spacer\">\n\t\t\t<div class=\"elementor-spacer-inner\"><\/div>\n\t\t<\/div>\n\t\t\t\t\t\t<\/div>\n\t\t\t\t<\/div>\n\t\t\t\t<div class=\"elementor-element elementor-element-5cae68d elementor-post-navigation-borders-yes elementor-widget elementor-widget-post-navigation\" data-id=\"5cae68d\" data-element_type=\"widget\" data-e-type=\"widget\" data-widget_type=\"post-navigation.default\">\n\t\t\t\t<div class=\"elementor-widget-container\">\n\t\t\t\t\t\t\t<div class=\"elementor-post-navigation\" role=\"navigation\" aria-label=\"Beitrag Navigation\">\n\t\t\t<div class=\"elementor-post-navigation__prev elementor-post-navigation__link\">\n\t\t\t\t<a href=\"https:\/\/unterirdis.ch\/wordpress\/2022\/03\/28\/folge-19-unteruns-eine-grabung-auf-1750m\/\" rel=\"prev\"><span class=\"post-navigation__arrow-wrapper post-navigation__arrow-prev\"><svg aria-hidden=\"true\" class=\"e-font-icon-svg e-fas-angle-left\" viewBox=\"0 0 256 512\" xmlns=\"http:\/\/www.w3.org\/2000\/svg\"><path d=\"M31.7 239l136-136c9.4-9.4 24.6-9.4 33.9 0l22.6 22.6c9.4 9.4 9.4 24.6 0 33.9L127.9 256l96.4 96.4c9.4 9.4 9.4 24.6 0 33.9L201.7 409c-9.4 9.4-24.6 9.4-33.9 0l-136-136c-9.5-9.4-9.5-24.6-.1-34z\"><\/path><\/svg><span class=\"elementor-screen-only\">Zur\u00fcck<\/span><\/span><span class=\"elementor-post-navigation__link__prev\"><span class=\"post-navigation__prev--label\">Voriger<\/span><span class=\"post-navigation__prev--title\">Folge 19 &#8211; unterUns &#8211; Eine Grabung auf 1750m<\/span><\/span><\/a>\t\t\t<\/div>\n\t\t\t\t\t\t\t<div class=\"elementor-post-navigation__separator-wrapper\">\n\t\t\t\t\t<div class=\"elementor-post-navigation__separator\"><\/div>\n\t\t\t\t<\/div>\n\t\t\t\t\t\t<div class=\"elementor-post-navigation__next elementor-post-navigation__link\">\n\t\t\t\t<a href=\"https:\/\/unterirdis.ch\/wordpress\/2022\/03\/28\/folge-21-auf-holz\/\" rel=\"next\"><span class=\"elementor-post-navigation__link__next\"><span class=\"post-navigation__next--label\">N\u00e4chster<\/span><span class=\"post-navigation__next--title\">Folge 21 &#8211; unterUns &#8211; Auf Holz geklopft<\/span><\/span><span class=\"post-navigation__arrow-wrapper post-navigation__arrow-next\"><svg aria-hidden=\"true\" class=\"e-font-icon-svg e-fas-angle-right\" viewBox=\"0 0 256 512\" xmlns=\"http:\/\/www.w3.org\/2000\/svg\"><path d=\"M224.3 273l-136 136c-9.4 9.4-24.6 9.4-33.9 0l-22.6-22.6c-9.4-9.4-9.4-24.6 0-33.9l96.4-96.4-96.4-96.4c-9.4-9.4-9.4-24.6 0-33.9L54.3 103c9.4-9.4 24.6-9.4 33.9 0l136 136c9.5 9.4 9.5 24.6.1 34z\"><\/path><\/svg><span class=\"elementor-screen-only\">N\u00e4chster<\/span><\/span><\/a>\t\t\t<\/div>\n\t\t<\/div>\n\t\t\t\t\t\t<\/div>\n\t\t\t\t<\/div>\n\t\t\t\t\t<\/div>\n\t\t<\/div>\n\t\t\t\t\t<\/div>\n\t\t<\/section>\n\t\t\t\t<\/div>\n\t\t","protected":false},"excerpt":{"rendered":"","protected":false},"author":2,"featured_media":0,"parent":0,"menu_order":0,"comment_status":"closed","ping_status":"closed","template":"","meta":{"footnotes":""},"class_list":["post-951","page","type-page","status-publish","hentry"],"yoast_head":"<!-- This site is optimized with the Yoast SEO plugin v27.6 - https:\/\/yoast.com\/product\/yoast-seo-wordpress\/ -->\n<title>Italien - unterIrdisch<\/title>\n<meta name=\"robots\" content=\"index, follow, max-snippet:-1, max-image-preview:large, max-video-preview:-1\" \/>\n<link rel=\"canonical\" href=\"https:\/\/unterirdis.ch\/wordpress\/italien\/\" \/>\n<meta property=\"og:locale\" content=\"de_DE\" \/>\n<meta property=\"og:type\" content=\"article\" \/>\n<meta property=\"og:title\" content=\"Italien - unterIrdisch\" \/>\n<meta property=\"og:url\" content=\"https:\/\/unterirdis.ch\/wordpress\/italien\/\" \/>\n<meta property=\"og:site_name\" content=\"unterIrdisch\" \/>\n<meta property=\"article:modified_time\" content=\"2022-07-26T16:17:12+00:00\" \/>\n<meta property=\"og:image\" content=\"https:\/\/unterirdis.ch\/wp-content\/uploads\/2023\/05\/fallback.webp\" \/>\n\t<meta property=\"og:image:width\" content=\"1200\" \/>\n\t<meta property=\"og:image:height\" content=\"675\" \/>\n\t<meta property=\"og:image:type\" content=\"image\/webp\" \/>\n<meta name=\"twitter:card\" content=\"summary_large_image\" \/>\n<meta name=\"twitter:site\" content=\"@unterirdis_ch\" \/>\n<meta name=\"twitter:label1\" content=\"Gesch\u00e4tzte Lesezeit\" \/>\n\t<meta name=\"twitter:data1\" content=\"1\u00a0Minute\" \/>\n<script type=\"application\/ld+json\" class=\"yoast-schema-graph\">{\"@context\":\"https:\\\/\\\/schema.org\",\"@graph\":[{\"@type\":\"WebPage\",\"@id\":\"https:\\\/\\\/unterirdis.ch\\\/wordpress\\\/italien\\\/\",\"url\":\"https:\\\/\\\/unterirdis.ch\\\/wordpress\\\/italien\\\/\",\"name\":\"Italien - unterIrdisch\",\"isPartOf\":{\"@id\":\"https:\\\/\\\/unterirdis.ch\\\/wordpress\\\/#website\"},\"datePublished\":\"2022-07-26T16:11:00+00:00\",\"dateModified\":\"2022-07-26T16:17:12+00:00\",\"breadcrumb\":{\"@id\":\"https:\\\/\\\/unterirdis.ch\\\/wordpress\\\/italien\\\/#breadcrumb\"},\"inLanguage\":\"de\",\"potentialAction\":[{\"@type\":\"ReadAction\",\"target\":[\"https:\\\/\\\/unterirdis.ch\\\/wordpress\\\/italien\\\/\"]}]},{\"@type\":\"BreadcrumbList\",\"@id\":\"https:\\\/\\\/unterirdis.ch\\\/wordpress\\\/italien\\\/#breadcrumb\",\"itemListElement\":[{\"@type\":\"ListItem\",\"position\":1,\"name\":\"Startseite\",\"item\":\"https:\\\/\\\/unterirdis.ch\\\/wordpress\\\/\"},{\"@type\":\"ListItem\",\"position\":2,\"name\":\"Italien\"}]},{\"@type\":\"WebSite\",\"@id\":\"https:\\\/\\\/unterirdis.ch\\\/wordpress\\\/#website\",\"url\":\"https:\\\/\\\/unterirdis.ch\\\/wordpress\\\/\",\"name\":\"unterIrdisch - der Science-Blog aus dem Haus der Arch\u00e4ologien\",\"description\":\"der Science-Blog aus dem Haus der Arch\u00e4ologien\",\"publisher\":{\"@id\":\"https:\\\/\\\/unterirdis.ch\\\/wordpress\\\/#organization\"},\"alternateName\":\"unterIrdisch\",\"potentialAction\":[{\"@type\":\"SearchAction\",\"target\":{\"@type\":\"EntryPoint\",\"urlTemplate\":\"https:\\\/\\\/unterirdis.ch\\\/wordpress\\\/?s={search_term_string}\"},\"query-input\":{\"@type\":\"PropertyValueSpecification\",\"valueRequired\":true,\"valueName\":\"search_term_string\"}}],\"inLanguage\":\"de\"},{\"@type\":\"Organization\",\"@id\":\"https:\\\/\\\/unterirdis.ch\\\/wordpress\\\/#organization\",\"name\":\"unterIrdisch - der Science-Blog aus dem Haus der Arch\u00e4ologien\",\"alternateName\":\"unterIrdisch\",\"url\":\"https:\\\/\\\/unterirdis.ch\\\/wordpress\\\/\",\"logo\":{\"@type\":\"ImageObject\",\"inLanguage\":\"de\",\"@id\":\"https:\\\/\\\/unterirdis.ch\\\/wordpress\\\/#\\\/schema\\\/logo\\\/image\\\/\",\"url\":\"https:\\\/\\\/unterirdis.ch\\\/wp-content\\\/uploads\\\/2022\\\/03\\\/logo_3000p-scaled.jpg\",\"contentUrl\":\"https:\\\/\\\/unterirdis.ch\\\/wp-content\\\/uploads\\\/2022\\\/03\\\/logo_3000p-scaled.jpg\",\"width\":2560,\"height\":2560,\"caption\":\"unterIrdisch - der Science-Blog aus dem Haus der Arch\u00e4ologien\"},\"image\":{\"@id\":\"https:\\\/\\\/unterirdis.ch\\\/wordpress\\\/#\\\/schema\\\/logo\\\/image\\\/\"},\"sameAs\":[\"https:\\\/\\\/x.com\\\/unterirdis_ch\",\"https:\\\/\\\/instagram.com\\\/unterirdis.ch\",\"https:\\\/\\\/www.youtube.com\\\/channel\\\/UCWj0o58Zp9pOrkbG3Xh2C4Q\"]}]}<\/script>\n<!-- \/ Yoast SEO plugin. -->","yoast_head_json":{"title":"Italien - unterIrdisch","robots":{"index":"index","follow":"follow","max-snippet":"max-snippet:-1","max-image-preview":"max-image-preview:large","max-video-preview":"max-video-preview:-1"},"canonical":"https:\/\/unterirdis.ch\/wordpress\/italien\/","og_locale":"de_DE","og_type":"article","og_title":"Italien - unterIrdisch","og_url":"https:\/\/unterirdis.ch\/wordpress\/italien\/","og_site_name":"unterIrdisch","article_modified_time":"2022-07-26T16:17:12+00:00","og_image":[{"width":1200,"height":675,"url":"https:\/\/unterirdis.ch\/wp-content\/uploads\/2023\/05\/fallback.webp","type":"image\/webp"}],"twitter_card":"summary_large_image","twitter_site":"@unterirdis_ch","twitter_misc":{"Gesch\u00e4tzte Lesezeit":"1\u00a0Minute"},"schema":{"@context":"https:\/\/schema.org","@graph":[{"@type":"WebPage","@id":"https:\/\/unterirdis.ch\/wordpress\/italien\/","url":"https:\/\/unterirdis.ch\/wordpress\/italien\/","name":"Italien - unterIrdisch","isPartOf":{"@id":"https:\/\/unterirdis.ch\/wordpress\/#website"},"datePublished":"2022-07-26T16:11:00+00:00","dateModified":"2022-07-26T16:17:12+00:00","breadcrumb":{"@id":"https:\/\/unterirdis.ch\/wordpress\/italien\/#breadcrumb"},"inLanguage":"de","potentialAction":[{"@type":"ReadAction","target":["https:\/\/unterirdis.ch\/wordpress\/italien\/"]}]},{"@type":"BreadcrumbList","@id":"https:\/\/unterirdis.ch\/wordpress\/italien\/#breadcrumb","itemListElement":[{"@type":"ListItem","position":1,"name":"Startseite","item":"https:\/\/unterirdis.ch\/wordpress\/"},{"@type":"ListItem","position":2,"name":"Italien"}]},{"@type":"WebSite","@id":"https:\/\/unterirdis.ch\/wordpress\/#website","url":"https:\/\/unterirdis.ch\/wordpress\/","name":"unterIrdisch - der Science-Blog aus dem Haus der Arch\u00e4ologien","description":"der Science-Blog aus dem Haus der Arch\u00e4ologien","publisher":{"@id":"https:\/\/unterirdis.ch\/wordpress\/#organization"},"alternateName":"unterIrdisch","potentialAction":[{"@type":"SearchAction","target":{"@type":"EntryPoint","urlTemplate":"https:\/\/unterirdis.ch\/wordpress\/?s={search_term_string}"},"query-input":{"@type":"PropertyValueSpecification","valueRequired":true,"valueName":"search_term_string"}}],"inLanguage":"de"},{"@type":"Organization","@id":"https:\/\/unterirdis.ch\/wordpress\/#organization","name":"unterIrdisch - der Science-Blog aus dem Haus der Arch\u00e4ologien","alternateName":"unterIrdisch","url":"https:\/\/unterirdis.ch\/wordpress\/","logo":{"@type":"ImageObject","inLanguage":"de","@id":"https:\/\/unterirdis.ch\/wordpress\/#\/schema\/logo\/image\/","url":"https:\/\/unterirdis.ch\/wp-content\/uploads\/2022\/03\/logo_3000p-scaled.jpg","contentUrl":"https:\/\/unterirdis.ch\/wp-content\/uploads\/2022\/03\/logo_3000p-scaled.jpg","width":2560,"height":2560,"caption":"unterIrdisch - der Science-Blog aus dem Haus der Arch\u00e4ologien"},"image":{"@id":"https:\/\/unterirdis.ch\/wordpress\/#\/schema\/logo\/image\/"},"sameAs":["https:\/\/x.com\/unterirdis_ch","https:\/\/instagram.com\/unterirdis.ch","https:\/\/www.youtube.com\/channel\/UCWj0o58Zp9pOrkbG3Xh2C4Q"]}]}},"_links":{"self":[{"href":"https:\/\/unterirdis.ch\/wordpress\/wp-json\/wp\/v2\/pages\/951","targetHints":{"allow":["GET"]}}],"collection":[{"href":"https:\/\/unterirdis.ch\/wordpress\/wp-json\/wp\/v2\/pages"}],"about":[{"href":"https:\/\/unterirdis.ch\/wordpress\/wp-json\/wp\/v2\/types\/page"}],"author":[{"embeddable":true,"href":"https:\/\/unterirdis.ch\/wordpress\/wp-json\/wp\/v2\/users\/2"}],"replies":[{"embeddable":true,"href":"https:\/\/unterirdis.ch\/wordpress\/wp-json\/wp\/v2\/comments?post=951"}],"version-history":[{"count":0,"href":"https:\/\/unterirdis.ch\/wordpress\/wp-json\/wp\/v2\/pages\/951\/revisions"}],"wp:attachment":[{"href":"https:\/\/unterirdis.ch\/wordpress\/wp-json\/wp\/v2\/media?parent=951"}],"curies":[{"name":"wp","href":"https:\/\/api.w.org\/{rel}","templated":true}]}}