{"id":1011,"date":"2022-07-26T18:21:39","date_gmt":"2022-07-26T16:21:39","guid":{"rendered":"https:\/\/unterirdis.ch\/wordpress\/?page_id=1011"},"modified":"2022-07-26T18:22:13","modified_gmt":"2022-07-26T16:22:13","slug":"griechenland","status":"publish","type":"page","link":"https:\/\/unterirdis.ch\/wordpress\/griechenland\/","title":{"rendered":"Griechenland"},"content":{"rendered":"\t\t<div data-elementor-type=\"wp-page\" data-elementor-id=\"1011\" class=\"elementor elementor-1011\" data-elementor-post-type=\"page\">\n\t\t\t\t\t\t<section class=\"elementor-section elementor-top-section elementor-element elementor-element-9b708b2 elementor-section-boxed elementor-section-height-default elementor-section-height-default\" data-id=\"9b708b2\" data-element_type=\"section\" data-e-type=\"section\">\n\t\t\t\t\t\t<div class=\"elementor-container elementor-column-gap-default\">\n\t\t\t\t\t<div class=\"elementor-column elementor-col-100 elementor-top-column elementor-element elementor-element-74b401e\" data-id=\"74b401e\" data-element_type=\"column\" data-e-type=\"column\">\n\t\t\t<div class=\"elementor-widget-wrap elementor-element-populated\">\n\t\t\t\t\t\t<div class=\"elementor-element elementor-element-e1e1be1 elementor-widget elementor-widget-spacer\" data-id=\"e1e1be1\" data-element_type=\"widget\" data-e-type=\"widget\" data-widget_type=\"spacer.default\">\n\t\t\t\t<div class=\"elementor-widget-container\">\n\t\t\t\t\t\t\t<div class=\"elementor-spacer\">\n\t\t\t<div class=\"elementor-spacer-inner\"><\/div>\n\t\t<\/div>\n\t\t\t\t\t\t<\/div>\n\t\t\t\t<\/div>\n\t\t\t\t<div class=\"elementor-element elementor-element-f6772ac elementor-grid-3 elementor-grid-tablet-2 elementor-grid-mobile-1 elementor-posts--thumbnail-top elementor-widget elementor-widget-posts\" data-id=\"f6772ac\" data-element_type=\"widget\" data-e-type=\"widget\" data-settings=\"{&quot;classic_columns&quot;:&quot;3&quot;,&quot;classic_columns_tablet&quot;:&quot;2&quot;,&quot;classic_columns_mobile&quot;:&quot;1&quot;,&quot;classic_row_gap&quot;:{&quot;unit&quot;:&quot;px&quot;,&quot;size&quot;:35,&quot;sizes&quot;:[]},&quot;classic_row_gap_tablet&quot;:{&quot;unit&quot;:&quot;px&quot;,&quot;size&quot;:&quot;&quot;,&quot;sizes&quot;:[]},&quot;classic_row_gap_mobile&quot;:{&quot;unit&quot;:&quot;px&quot;,&quot;size&quot;:&quot;&quot;,&quot;sizes&quot;:[]}}\" data-widget_type=\"posts.classic\">\n\t\t\t\t<div class=\"elementor-widget-container\">\n\t\t\t\t\t\t\t<div class=\"elementor-posts-container elementor-posts elementor-posts--skin-classic elementor-grid\" role=\"list\">\n\t\t\t\t<article class=\"elementor-post elementor-grid-item post-2668 post type-post status-publish format-standard has-post-thumbnail hentry category-an-der-ruhr-universitaet-bochum category-deutschland category-griechenland category-tuerkei category-unterfreunden tag-antike tag-athen tag-forschung tag-griechen tag-milet tag-mykale tag-podcast tag-ruhr-universitaet-bochum\" role=\"listitem\">\n\t\t\t\t<a class=\"elementor-post__thumbnail__link\" href=\"https:\/\/unterirdis.ch\/wordpress\/2025\/03\/14\/folge-50-hans-lohmann-und-die-zombies-in-der-mykale\/\" tabindex=\"-1\" >\n\t\t\t<div class=\"elementor-post__thumbnail\"><img fetchpriority=\"high\" decoding=\"async\" width=\"768\" height=\"767\" src=\"https:\/\/unterirdis.ch\/wp-content\/uploads\/2024\/01\/WhatsApp-Image-2023-12-30-at-09.40.21-768x767.jpeg\" class=\"attachment-medium_large size-medium_large wp-image-2071\" alt=\"Schwarzwei\u00df Foto von Prof. Dr. Hans Lohmann, er tr\u00e4gt ein hoch gekn\u00f6pftes wei\u00dfes Hemd, sein Blick ist nach vorn gerichtet, sein wei\u00dfgraues Haar und sein Vollbart reflektieren das Licht.\" srcset=\"https:\/\/unterirdis.ch\/wp-content\/uploads\/2024\/01\/WhatsApp-Image-2023-12-30-at-09.40.21-768x767.jpeg 768w, https:\/\/unterirdis.ch\/wp-content\/uploads\/2024\/01\/WhatsApp-Image-2023-12-30-at-09.40.21-300x300.jpeg 300w, https:\/\/unterirdis.ch\/wp-content\/uploads\/2024\/01\/WhatsApp-Image-2023-12-30-at-09.40.21-1024x1024.jpeg 1024w, https:\/\/unterirdis.ch\/wp-content\/uploads\/2024\/01\/WhatsApp-Image-2023-12-30-at-09.40.21-150x150.jpeg 150w, https:\/\/unterirdis.ch\/wp-content\/uploads\/2024\/01\/WhatsApp-Image-2023-12-30-at-09.40.21.jpeg 1071w\" sizes=\"(max-width: 768px) 100vw, 768px\" \/><\/div>\n\t\t<\/a>\n\t\t\t\t<div class=\"elementor-post__text\">\n\t\t\t\t<h3 class=\"elementor-post__title\">\n\t\t\t<a href=\"https:\/\/unterirdis.ch\/wordpress\/2025\/03\/14\/folge-50-hans-lohmann-und-die-zombies-in-der-mykale\/\" >\n\t\t\t\tFolge 50 &#8211; Hans Lohmann und &#8222;die Zombies in der Mykale&#8220;\t\t\t<\/a>\n\t\t<\/h3>\n\t\t\t\t<div class=\"elementor-post__meta-data\">\n\t\t\t\t\t<span class=\"elementor-post-date\">\n\t\t\t14. M\u00e4rz 2025\t\t<\/span>\n\t\t\t\t<\/div>\n\t\t\t\t<div class=\"elementor-post__excerpt\">\n\t\t\t<p>Zum Gedenken an Hans Lohmann widmen wir seinem Lebenswerk unsere Jubil\u00e4umsfolge. Hans Lohmann war Weihnachten 2023 \u00fcberraschend nach\u00a0nach kurzer schwerer Krankheit verstorben. Einen Einblick in sein Lebenswerk gibt uns unser<\/p>\n\t\t<\/div>\n\t\t\n\t\t<a class=\"elementor-post__read-more\" href=\"https:\/\/unterirdis.ch\/wordpress\/2025\/03\/14\/folge-50-hans-lohmann-und-die-zombies-in-der-mykale\/\" aria-label=\"Mehr \u00fcber Folge 50 &#8211; Hans Lohmann und &#8222;die Zombies in der Mykale&#8220;\" tabindex=\"-1\" >\n\t\t\tWeiterlesen \u00bb\t\t<\/a>\n\n\t\t\t\t<\/div>\n\t\t\t\t<\/article>\n\t\t\t\t<article class=\"elementor-post elementor-grid-item post-2015 post type-post status-publish format-standard has-post-thumbnail hentry category-im-museum category-griechenland\" role=\"listitem\">\n\t\t\t\t<a class=\"elementor-post__thumbnail__link\" href=\"https:\/\/unterirdis.ch\/wordpress\/2023\/11\/14\/neuerscheinung-laurion-interdisciplinary-approaches-to-an-ancient-greek-mining-landscape\/\" tabindex=\"-1\" >\n\t\t\t<div class=\"elementor-post__thumbnail\"><img decoding=\"async\" width=\"768\" height=\"1075\" src=\"https:\/\/unterirdis.ch\/wp-content\/uploads\/2023\/11\/ABh50_Cover-768x1075.jpg\" class=\"attachment-medium_large size-medium_large wp-image-2016\" alt=\"\" srcset=\"https:\/\/unterirdis.ch\/wp-content\/uploads\/2023\/11\/ABh50_Cover-768x1075.jpg 768w, https:\/\/unterirdis.ch\/wp-content\/uploads\/2023\/11\/ABh50_Cover-214x300.jpg 214w, https:\/\/unterirdis.ch\/wp-content\/uploads\/2023\/11\/ABh50_Cover-732x1024.jpg 732w, https:\/\/unterirdis.ch\/wp-content\/uploads\/2023\/11\/ABh50_Cover-1098x1536.jpg 1098w, https:\/\/unterirdis.ch\/wp-content\/uploads\/2023\/11\/ABh50_Cover-1463x2048.jpg 1463w, https:\/\/unterirdis.ch\/wp-content\/uploads\/2023\/11\/ABh50_Cover-scaled.jpg 1829w\" sizes=\"(max-width: 768px) 100vw, 768px\" \/><\/div>\n\t\t<\/a>\n\t\t\t\t<div class=\"elementor-post__text\">\n\t\t\t\t<h3 class=\"elementor-post__title\">\n\t\t\t<a href=\"https:\/\/unterirdis.ch\/wordpress\/2023\/11\/14\/neuerscheinung-laurion-interdisciplinary-approaches-to-an-ancient-greek-mining-landscape\/\" >\n\t\t\t\tNeuerscheinung: Laurion &#8211; Interdisciplinary Approaches to an Ancient Greek Mining Landscape\t\t\t<\/a>\n\t\t<\/h3>\n\t\t\t\t<div class=\"elementor-post__meta-data\">\n\t\t\t\t\t<span class=\"elementor-post-date\">\n\t\t\t14. November 2023\t\t<\/span>\n\t\t\t\t<\/div>\n\t\t\t\t<div class=\"elementor-post__excerpt\">\n\t\t\t<p>Was ist eine Siedlung? Auf die kulturelle und historische Bedeutung des Laurion sowie seine seit der fr\u00fchen Bronzezeit herausragende Stellung als eine der wichtigsten Quellen f\u00fcr Silber, Blei und andere<\/p>\n\t\t<\/div>\n\t\t\n\t\t<a class=\"elementor-post__read-more\" href=\"https:\/\/unterirdis.ch\/wordpress\/2023\/11\/14\/neuerscheinung-laurion-interdisciplinary-approaches-to-an-ancient-greek-mining-landscape\/\" aria-label=\"Mehr \u00fcber Neuerscheinung: Laurion &#8211; Interdisciplinary Approaches to an Ancient Greek Mining Landscape\" tabindex=\"-1\" >\n\t\t\tWeiterlesen \u00bb\t\t<\/a>\n\n\t\t\t\t<\/div>\n\t\t\t\t<\/article>\n\t\t\t\t<article class=\"elementor-post elementor-grid-item post-138 post type-post status-publish format-standard has-post-thumbnail hentry category-griechenland category-unterfreunden\" role=\"listitem\">\n\t\t\t\t<a class=\"elementor-post__thumbnail__link\" href=\"https:\/\/unterirdis.ch\/wordpress\/2021\/10\/20\/folge-18-unteruns-tod-und-jenseitsvorstellungen\/\" tabindex=\"-1\" >\n\t\t\t<div class=\"elementor-post__thumbnail\"><img decoding=\"async\" width=\"768\" height=\"472\" src=\"https:\/\/unterirdis.ch\/wp-content\/uploads\/2021\/10\/Griechenland_Tod-768x472.jpg\" class=\"attachment-medium_large size-medium_large wp-image-693\" alt=\"\" srcset=\"https:\/\/unterirdis.ch\/wp-content\/uploads\/2021\/10\/Griechenland_Tod-768x472.jpg 768w, https:\/\/unterirdis.ch\/wp-content\/uploads\/2021\/10\/Griechenland_Tod-300x184.jpg 300w, https:\/\/unterirdis.ch\/wp-content\/uploads\/2021\/10\/Griechenland_Tod.jpg 900w\" sizes=\"(max-width: 768px) 100vw, 768px\" \/><\/div>\n\t\t<\/a>\n\t\t\t\t<div class=\"elementor-post__text\">\n\t\t\t\t<h3 class=\"elementor-post__title\">\n\t\t\t<a href=\"https:\/\/unterirdis.ch\/wordpress\/2021\/10\/20\/folge-18-unteruns-tod-und-jenseitsvorstellungen\/\" >\n\t\t\t\tFolge 18 &#8211; unterUns Tod und Jenseitsvorstellungen im antiken Griechenland\t\t\t<\/a>\n\t\t<\/h3>\n\t\t\t\t<div class=\"elementor-post__meta-data\">\n\t\t\t\t\t<span class=\"elementor-post-date\">\n\t\t\t20. Oktober 2021\t\t<\/span>\n\t\t\t\t<\/div>\n\t\t\t\t<div class=\"elementor-post__excerpt\">\n\t\t\t<p>Waren unsere vergangenen Folgen doch meist heiter, so widmen wir uns diesmal einem ernsteren Thema. Dem Umgang mit dem Tod in der griechischen Antike und den Jenseitsvorstellungen. Hierzu forscht bei uns in Bochum seit einigen Jahren Dr. Soi Agelidis und bei einem Vornamen der \u201eLeben\u201c bedeutet stellt sich unweigerlich die Frage, warum ausgerechnet mit dem Tod besch\u00e4ftigen?<br \/>\nNachdem das gekl\u00e4rt ist, geht es einmal reihum, wie ist das Verh\u00e4ltnis der Lebenden zu den Toten? Wieso ist es wichtig, dass die Bestattung korrekt durchgef\u00fchrt wird und wieso steht Patroklos vor den Toren der Unterwelt und darf nicht rein?<\/p>\n\t\t<\/div>\n\t\t\n\t\t<a class=\"elementor-post__read-more\" href=\"https:\/\/unterirdis.ch\/wordpress\/2021\/10\/20\/folge-18-unteruns-tod-und-jenseitsvorstellungen\/\" aria-label=\"Mehr \u00fcber Folge 18 &#8211; unterUns Tod und Jenseitsvorstellungen im antiken Griechenland\" tabindex=\"-1\" >\n\t\t\tWeiterlesen \u00bb\t\t<\/a>\n\n\t\t\t\t<\/div>\n\t\t\t\t<\/article>\n\t\t\t\t<\/div>\n\t\t\n\t\t\t\t\t\t<\/div>\n\t\t\t\t<\/div>\n\t\t\t\t<div class=\"elementor-element elementor-element-f171adc elementor-widget elementor-widget-spacer\" data-id=\"f171adc\" data-element_type=\"widget\" data-e-type=\"widget\" data-widget_type=\"spacer.default\">\n\t\t\t\t<div class=\"elementor-widget-container\">\n\t\t\t\t\t\t\t<div class=\"elementor-spacer\">\n\t\t\t<div class=\"elementor-spacer-inner\"><\/div>\n\t\t<\/div>\n\t\t\t\t\t\t<\/div>\n\t\t\t\t<\/div>\n\t\t\t\t<div class=\"elementor-element elementor-element-b042f16 elementor-post-navigation-borders-yes elementor-widget elementor-widget-post-navigation\" data-id=\"b042f16\" data-element_type=\"widget\" data-e-type=\"widget\" data-widget_type=\"post-navigation.default\">\n\t\t\t\t<div class=\"elementor-widget-container\">\n\t\t\t\t\t\t\t<div class=\"elementor-post-navigation\" role=\"navigation\" aria-label=\"Beitrag Navigation\">\n\t\t\t<div class=\"elementor-post-navigation__prev elementor-post-navigation__link\">\n\t\t\t\t<a href=\"https:\/\/unterirdis.ch\/wordpress\/2021\/10\/14\/folge-17-unteruns-aus-nora-teil-3\/\" rel=\"prev\"><span class=\"post-navigation__arrow-wrapper post-navigation__arrow-prev\"><svg aria-hidden=\"true\" class=\"e-font-icon-svg e-fas-angle-left\" viewBox=\"0 0 256 512\" xmlns=\"http:\/\/www.w3.org\/2000\/svg\"><path d=\"M31.7 239l136-136c9.4-9.4 24.6-9.4 33.9 0l22.6 22.6c9.4 9.4 9.4 24.6 0 33.9L127.9 256l96.4 96.4c9.4 9.4 9.4 24.6 0 33.9L201.7 409c-9.4 9.4-24.6 9.4-33.9 0l-136-136c-9.5-9.4-9.5-24.6-.1-34z\"><\/path><\/svg><span class=\"elementor-screen-only\">Zur\u00fcck<\/span><\/span><span class=\"elementor-post-navigation__link__prev\"><span class=\"post-navigation__prev--label\">Voriger<\/span><span class=\"post-navigation__prev--title\">Folge 17 &#8211; unterUns aus Nora, Teil 3<\/span><\/span><\/a>\t\t\t<\/div>\n\t\t\t\t\t\t\t<div class=\"elementor-post-navigation__separator-wrapper\">\n\t\t\t\t\t<div class=\"elementor-post-navigation__separator\"><\/div>\n\t\t\t\t<\/div>\n\t\t\t\t\t\t<div class=\"elementor-post-navigation__next elementor-post-navigation__link\">\n\t\t\t\t<a href=\"https:\/\/unterirdis.ch\/wordpress\/2021\/11\/29\/tod-im-salz-und-human-search-for-ressources-in-teheran-eroeffnet\/\" rel=\"next\"><span class=\"elementor-post-navigation__link__next\"><span class=\"post-navigation__next--label\">N\u00e4chster<\/span><span class=\"post-navigation__next--title\">&#8222;Tod im Salz&#8220; und &#8222;Human Search for Ressources&#8220; in Teheran er\u00f6ffnet<\/span><\/span><span class=\"post-navigation__arrow-wrapper post-navigation__arrow-next\"><svg aria-hidden=\"true\" class=\"e-font-icon-svg e-fas-angle-right\" viewBox=\"0 0 256 512\" xmlns=\"http:\/\/www.w3.org\/2000\/svg\"><path d=\"M224.3 273l-136 136c-9.4 9.4-24.6 9.4-33.9 0l-22.6-22.6c-9.4-9.4-9.4-24.6 0-33.9l96.4-96.4-96.4-96.4c-9.4-9.4-9.4-24.6 0-33.9L54.3 103c9.4-9.4 24.6-9.4 33.9 0l136 136c9.5 9.4 9.5 24.6.1 34z\"><\/path><\/svg><span class=\"elementor-screen-only\">N\u00e4chster<\/span><\/span><\/a>\t\t\t<\/div>\n\t\t<\/div>\n\t\t\t\t\t\t<\/div>\n\t\t\t\t<\/div>\n\t\t\t\t\t<\/div>\n\t\t<\/div>\n\t\t\t\t\t<\/div>\n\t\t<\/section>\n\t\t\t\t<\/div>\n\t\t","protected":false},"excerpt":{"rendered":"","protected":false},"author":2,"featured_media":0,"parent":0,"menu_order":0,"comment_status":"closed","ping_status":"closed","template":"","meta":{"footnotes":""},"class_list":["post-1011","page","type-page","status-publish","hentry"],"yoast_head":"<!-- This site is optimized with the Yoast SEO plugin v27.6 - https:\/\/yoast.com\/product\/yoast-seo-wordpress\/ -->\n<title>Griechenland - unterIrdisch<\/title>\n<meta name=\"robots\" content=\"index, follow, max-snippet:-1, max-image-preview:large, max-video-preview:-1\" \/>\n<link rel=\"canonical\" href=\"https:\/\/unterirdis.ch\/wordpress\/griechenland\/\" \/>\n<meta property=\"og:locale\" content=\"de_DE\" \/>\n<meta property=\"og:type\" content=\"article\" \/>\n<meta property=\"og:title\" content=\"Griechenland - unterIrdisch\" \/>\n<meta property=\"og:url\" content=\"https:\/\/unterirdis.ch\/wordpress\/griechenland\/\" \/>\n<meta property=\"og:site_name\" content=\"unterIrdisch\" \/>\n<meta property=\"article:modified_time\" content=\"2022-07-26T16:22:13+00:00\" \/>\n<meta property=\"og:image\" content=\"https:\/\/unterirdis.ch\/wp-content\/uploads\/2023\/05\/fallback.webp\" \/>\n\t<meta property=\"og:image:width\" content=\"1200\" \/>\n\t<meta property=\"og:image:height\" content=\"675\" \/>\n\t<meta property=\"og:image:type\" content=\"image\/webp\" \/>\n<meta name=\"twitter:card\" content=\"summary_large_image\" \/>\n<meta name=\"twitter:site\" content=\"@unterirdis_ch\" \/>\n<meta name=\"twitter:label1\" content=\"Gesch\u00e4tzte Lesezeit\" \/>\n\t<meta name=\"twitter:data1\" content=\"1\u00a0Minute\" \/>\n<script type=\"application\/ld+json\" class=\"yoast-schema-graph\">{\"@context\":\"https:\\\/\\\/schema.org\",\"@graph\":[{\"@type\":\"WebPage\",\"@id\":\"https:\\\/\\\/unterirdis.ch\\\/wordpress\\\/griechenland\\\/\",\"url\":\"https:\\\/\\\/unterirdis.ch\\\/wordpress\\\/griechenland\\\/\",\"name\":\"Griechenland - unterIrdisch\",\"isPartOf\":{\"@id\":\"https:\\\/\\\/unterirdis.ch\\\/wordpress\\\/#website\"},\"datePublished\":\"2022-07-26T16:21:39+00:00\",\"dateModified\":\"2022-07-26T16:22:13+00:00\",\"breadcrumb\":{\"@id\":\"https:\\\/\\\/unterirdis.ch\\\/wordpress\\\/griechenland\\\/#breadcrumb\"},\"inLanguage\":\"de\",\"potentialAction\":[{\"@type\":\"ReadAction\",\"target\":[\"https:\\\/\\\/unterirdis.ch\\\/wordpress\\\/griechenland\\\/\"]}]},{\"@type\":\"BreadcrumbList\",\"@id\":\"https:\\\/\\\/unterirdis.ch\\\/wordpress\\\/griechenland\\\/#breadcrumb\",\"itemListElement\":[{\"@type\":\"ListItem\",\"position\":1,\"name\":\"Startseite\",\"item\":\"https:\\\/\\\/unterirdis.ch\\\/wordpress\\\/\"},{\"@type\":\"ListItem\",\"position\":2,\"name\":\"Griechenland\"}]},{\"@type\":\"WebSite\",\"@id\":\"https:\\\/\\\/unterirdis.ch\\\/wordpress\\\/#website\",\"url\":\"https:\\\/\\\/unterirdis.ch\\\/wordpress\\\/\",\"name\":\"unterIrdisch - der Science-Blog aus dem Haus der Arch\u00e4ologien\",\"description\":\"der Science-Blog aus dem Haus der Arch\u00e4ologien\",\"publisher\":{\"@id\":\"https:\\\/\\\/unterirdis.ch\\\/wordpress\\\/#organization\"},\"alternateName\":\"unterIrdisch\",\"potentialAction\":[{\"@type\":\"SearchAction\",\"target\":{\"@type\":\"EntryPoint\",\"urlTemplate\":\"https:\\\/\\\/unterirdis.ch\\\/wordpress\\\/?s={search_term_string}\"},\"query-input\":{\"@type\":\"PropertyValueSpecification\",\"valueRequired\":true,\"valueName\":\"search_term_string\"}}],\"inLanguage\":\"de\"},{\"@type\":\"Organization\",\"@id\":\"https:\\\/\\\/unterirdis.ch\\\/wordpress\\\/#organization\",\"name\":\"unterIrdisch - der Science-Blog aus dem Haus der Arch\u00e4ologien\",\"alternateName\":\"unterIrdisch\",\"url\":\"https:\\\/\\\/unterirdis.ch\\\/wordpress\\\/\",\"logo\":{\"@type\":\"ImageObject\",\"inLanguage\":\"de\",\"@id\":\"https:\\\/\\\/unterirdis.ch\\\/wordpress\\\/#\\\/schema\\\/logo\\\/image\\\/\",\"url\":\"https:\\\/\\\/unterirdis.ch\\\/wp-content\\\/uploads\\\/2022\\\/03\\\/logo_3000p-scaled.jpg\",\"contentUrl\":\"https:\\\/\\\/unterirdis.ch\\\/wp-content\\\/uploads\\\/2022\\\/03\\\/logo_3000p-scaled.jpg\",\"width\":2560,\"height\":2560,\"caption\":\"unterIrdisch - der Science-Blog aus dem Haus der Arch\u00e4ologien\"},\"image\":{\"@id\":\"https:\\\/\\\/unterirdis.ch\\\/wordpress\\\/#\\\/schema\\\/logo\\\/image\\\/\"},\"sameAs\":[\"https:\\\/\\\/x.com\\\/unterirdis_ch\",\"https:\\\/\\\/instagram.com\\\/unterirdis.ch\",\"https:\\\/\\\/www.youtube.com\\\/channel\\\/UCWj0o58Zp9pOrkbG3Xh2C4Q\"]}]}<\/script>\n<!-- \/ Yoast SEO plugin. -->","yoast_head_json":{"title":"Griechenland - unterIrdisch","robots":{"index":"index","follow":"follow","max-snippet":"max-snippet:-1","max-image-preview":"max-image-preview:large","max-video-preview":"max-video-preview:-1"},"canonical":"https:\/\/unterirdis.ch\/wordpress\/griechenland\/","og_locale":"de_DE","og_type":"article","og_title":"Griechenland - unterIrdisch","og_url":"https:\/\/unterirdis.ch\/wordpress\/griechenland\/","og_site_name":"unterIrdisch","article_modified_time":"2022-07-26T16:22:13+00:00","og_image":[{"width":1200,"height":675,"url":"https:\/\/unterirdis.ch\/wp-content\/uploads\/2023\/05\/fallback.webp","type":"image\/webp"}],"twitter_card":"summary_large_image","twitter_site":"@unterirdis_ch","twitter_misc":{"Gesch\u00e4tzte Lesezeit":"1\u00a0Minute"},"schema":{"@context":"https:\/\/schema.org","@graph":[{"@type":"WebPage","@id":"https:\/\/unterirdis.ch\/wordpress\/griechenland\/","url":"https:\/\/unterirdis.ch\/wordpress\/griechenland\/","name":"Griechenland - unterIrdisch","isPartOf":{"@id":"https:\/\/unterirdis.ch\/wordpress\/#website"},"datePublished":"2022-07-26T16:21:39+00:00","dateModified":"2022-07-26T16:22:13+00:00","breadcrumb":{"@id":"https:\/\/unterirdis.ch\/wordpress\/griechenland\/#breadcrumb"},"inLanguage":"de","potentialAction":[{"@type":"ReadAction","target":["https:\/\/unterirdis.ch\/wordpress\/griechenland\/"]}]},{"@type":"BreadcrumbList","@id":"https:\/\/unterirdis.ch\/wordpress\/griechenland\/#breadcrumb","itemListElement":[{"@type":"ListItem","position":1,"name":"Startseite","item":"https:\/\/unterirdis.ch\/wordpress\/"},{"@type":"ListItem","position":2,"name":"Griechenland"}]},{"@type":"WebSite","@id":"https:\/\/unterirdis.ch\/wordpress\/#website","url":"https:\/\/unterirdis.ch\/wordpress\/","name":"unterIrdisch - der Science-Blog aus dem Haus der Arch\u00e4ologien","description":"der Science-Blog aus dem Haus der Arch\u00e4ologien","publisher":{"@id":"https:\/\/unterirdis.ch\/wordpress\/#organization"},"alternateName":"unterIrdisch","potentialAction":[{"@type":"SearchAction","target":{"@type":"EntryPoint","urlTemplate":"https:\/\/unterirdis.ch\/wordpress\/?s={search_term_string}"},"query-input":{"@type":"PropertyValueSpecification","valueRequired":true,"valueName":"search_term_string"}}],"inLanguage":"de"},{"@type":"Organization","@id":"https:\/\/unterirdis.ch\/wordpress\/#organization","name":"unterIrdisch - der Science-Blog aus dem Haus der Arch\u00e4ologien","alternateName":"unterIrdisch","url":"https:\/\/unterirdis.ch\/wordpress\/","logo":{"@type":"ImageObject","inLanguage":"de","@id":"https:\/\/unterirdis.ch\/wordpress\/#\/schema\/logo\/image\/","url":"https:\/\/unterirdis.ch\/wp-content\/uploads\/2022\/03\/logo_3000p-scaled.jpg","contentUrl":"https:\/\/unterirdis.ch\/wp-content\/uploads\/2022\/03\/logo_3000p-scaled.jpg","width":2560,"height":2560,"caption":"unterIrdisch - der Science-Blog aus dem Haus der Arch\u00e4ologien"},"image":{"@id":"https:\/\/unterirdis.ch\/wordpress\/#\/schema\/logo\/image\/"},"sameAs":["https:\/\/x.com\/unterirdis_ch","https:\/\/instagram.com\/unterirdis.ch","https:\/\/www.youtube.com\/channel\/UCWj0o58Zp9pOrkbG3Xh2C4Q"]}]}},"_links":{"self":[{"href":"https:\/\/unterirdis.ch\/wordpress\/wp-json\/wp\/v2\/pages\/1011","targetHints":{"allow":["GET"]}}],"collection":[{"href":"https:\/\/unterirdis.ch\/wordpress\/wp-json\/wp\/v2\/pages"}],"about":[{"href":"https:\/\/unterirdis.ch\/wordpress\/wp-json\/wp\/v2\/types\/page"}],"author":[{"embeddable":true,"href":"https:\/\/unterirdis.ch\/wordpress\/wp-json\/wp\/v2\/users\/2"}],"replies":[{"embeddable":true,"href":"https:\/\/unterirdis.ch\/wordpress\/wp-json\/wp\/v2\/comments?post=1011"}],"version-history":[{"count":0,"href":"https:\/\/unterirdis.ch\/wordpress\/wp-json\/wp\/v2\/pages\/1011\/revisions"}],"wp:attachment":[{"href":"https:\/\/unterirdis.ch\/wordpress\/wp-json\/wp\/v2\/media?parent=1011"}],"curies":[{"name":"wp","href":"https:\/\/api.w.org\/{rel}","templated":true}]}}